{"id":2798,"date":"2026-03-12T14:57:32","date_gmt":"2026-03-12T14:57:32","guid":{"rendered":"https:\/\/familyhotel.it\/agribus\/"},"modified":"2026-03-20T11:20:17","modified_gmt":"2026-03-20T11:20:17","slug":"agribus","status":"publish","type":"page","link":"https:\/\/familyhotel.it\/fr\/agribus\/","title":{"rendered":"Bus-Agricole"},"content":{"rendered":"\t\t<div data-elementor-type=\"wp-page\" data-elementor-id=\"2798\" class=\"elementor elementor-2798 elementor-2242\" data-elementor-post-type=\"page\">\n\t\t\t\t<div class=\"elementor-element elementor-element-5d6572af cb-hero e-flex e-con-boxed e-con e-parent\" data-id=\"5d6572af\" data-element_type=\"container\" data-e-type=\"container\" id=\"cb-hero\" data-settings=\"{&quot;background_background&quot;:&quot;slideshow&quot;,&quot;background_slideshow_gallery&quot;:[{&quot;id&quot;:2248,&quot;url&quot;:&quot;https:\\\/\\\/familyhotel.it\\\/wp-content\\\/uploads\\\/2026\\\/03\\\/Immagine-2026-03-12-155340.webp&quot;},{&quot;id&quot;:2260,&quot;url&quot;:&quot;https:\\\/\\\/familyhotel.it\\\/wp-content\\\/uploads\\\/2026\\\/03\\\/Immagine-2026-03-12-155438-1.webp&quot;},{&quot;id&quot;:2268,&quot;url&quot;:&quot;https:\\\/\\\/familyhotel.it\\\/wp-content\\\/uploads\\\/2026\\\/03\\\/Immagine-2026-03-12-155831-1.png&quot;}],&quot;background_slideshow_slide_duration&quot;:3000,&quot;background_slideshow_transition_duration&quot;:800,&quot;background_slideshow_slide_transition&quot;:&quot;slide_left&quot;,&quot;background_slideshow_loop&quot;:&quot;yes&quot;}\">\n\t\t\t\t\t<div class=\"e-con-inner\">\n\t\t\t\t<div class=\"elementor-element elementor-element-138cca0 elementor-invisible elementor-widget elementor-widget-heading\" data-id=\"138cca0\" data-element_type=\"widget\" data-e-type=\"widget\" data-settings=\"{&quot;_animation&quot;:&quot;bounceIn&quot;}\" data-widget_type=\"heading.default\">\n\t\t\t\t\t<h2 class=\"elementor-heading-title elementor-size-default\">bus agricole une exp\u00e9rience unique<\/h2>\t\t\t\t<\/div>\n\t\t\t\t\t<\/div>\n\t\t\t\t<\/div>\n\t\t<div class=\"elementor-element elementor-element-6f92754 e-flex e-con-boxed e-con e-parent\" data-id=\"6f92754\" data-element_type=\"container\" data-e-type=\"container\" data-settings=\"{&quot;background_background&quot;:&quot;classic&quot;}\">\n\t\t\t\t\t<div class=\"e-con-inner\">\n\t\t<div class=\"elementor-element elementor-element-2091cff e-con-full e-flex e-con e-child\" data-id=\"2091cff\" data-element_type=\"container\" data-e-type=\"container\">\n\t\t\t\t<div class=\"elementor-element elementor-element-2910876 elementor-invisible elementor-widget elementor-widget-heading\" data-id=\"2910876\" data-element_type=\"widget\" data-e-type=\"widget\" data-settings=\"{&quot;_animation&quot;:&quot;slideInLeft&quot;}\" data-widget_type=\"heading.default\">\n\t\t\t\t\t<h2 class=\"elementor-heading-title elementor-size-default\">Exp\u00e9rience en bus agricole<\/h2>\t\t\t\t<\/div>\n\t\t\t\t<\/div>\n\t\t<div class=\"elementor-element elementor-element-e0399ea e-con-full e-flex e-con e-child\" data-id=\"e0399ea\" data-element_type=\"container\" data-e-type=\"container\">\n\t\t\t\t<div class=\"elementor-element elementor-element-4ef27db7 elementor-widget__width-initial elementor-widget-mobile__width-inherit elementor-widget elementor-widget-text-editor\" data-id=\"4ef27db7\" data-element_type=\"widget\" data-e-type=\"widget\" data-widget_type=\"text-editor.default\">\n\t\t\t\t\t\t\t\t\tAvec notre bus agricole, les h\u00f4tes peuvent vivre une exp\u00e9rience unique : partir de l\u2019h\u00f4tel situ\u00e9 pr\u00e8s de la mer et rejoindre la campagne romagnole \u00e0 bord d\u2019une charrette tir\u00e9e par un tracteur.<br data-start=\"823\" data-end=\"826\" \/>Pendant le trajet, ils d\u00e9couvrent des villages historiques, des artisans locaux et notre exploitation agricole familiale, immerg\u00e9s dans les paysages typiques de la Romagne.\t\t\t\t\t\t\t\t<\/div>\n\t\t\t\t<\/div>\n\t\t\t\t\t<\/div>\n\t\t\t\t<\/div>\n\t\t<div class=\"elementor-element elementor-element-145a7cab e-con-full e-flex e-con e-parent\" data-id=\"145a7cab\" data-element_type=\"container\" data-e-type=\"container\" data-settings=\"{&quot;background_background&quot;:&quot;gradient&quot;}\">\n\t\t<div class=\"elementor-element elementor-element-31a9f591 e-flex e-con-boxed e-con e-child\" data-id=\"31a9f591\" data-element_type=\"container\" data-e-type=\"container\">\n\t\t\t\t\t<div class=\"e-con-inner\">\n\t\t\t\t<div class=\"elementor-element elementor-element-dd517da elementor-gallery--filter-align-center elementor-widget elementor-widget-gallery\" data-id=\"dd517da\" data-element_type=\"widget\" data-e-type=\"widget\" data-settings=\"{&quot;columns&quot;:3,&quot;columns_mobile&quot;:2,&quot;aspect_ratio&quot;:&quot;1:1&quot;,&quot;gap&quot;:{&quot;unit&quot;:&quot;px&quot;,&quot;size&quot;:5,&quot;sizes&quot;:[]},&quot;lazyload&quot;:&quot;yes&quot;,&quot;gallery_layout&quot;:&quot;grid&quot;,&quot;columns_tablet&quot;:2,&quot;gap_tablet&quot;:{&quot;unit&quot;:&quot;px&quot;,&quot;size&quot;:10,&quot;sizes&quot;:[]},&quot;gap_mobile&quot;:{&quot;unit&quot;:&quot;px&quot;,&quot;size&quot;:10,&quot;sizes&quot;:[]},&quot;link_to&quot;:&quot;file&quot;,&quot;overlay_background&quot;:&quot;yes&quot;,&quot;content_hover_animation&quot;:&quot;fade-in&quot;}\" data-widget_type=\"gallery.default\">\n\t\t\t\t\t\t\t\t<div class=\"elementor-gallery__titles-container e--pointer-text e--animation-grow\" aria-label=\"Gallery filter\">\n\t\t\t\t\n\t\t\t\t\t\t\t\t\t<a class=\"elementor-item elementor-gallery-title\" role=\"button\" tabindex=\"0\" data-gallery-index=\"0\">\n\t\t\t\t\t\t\t\t\t\t\t<\/a>\n\t\t\t\t\t\t\t\t<\/div>\n\t\t\t\t\t<div class=\"elementor-gallery__container\">\n\t\t\t\t\t\t\t<a class=\"e-gallery-item elementor-gallery-item elementor-animated-content\" data-e-gallery-tags=\"0\" href=\"https:\/\/familyhotel.it\/wp-content\/uploads\/2026\/03\/Immagine-2026-03-16-155147-1.webp\" data-elementor-open-lightbox=\"yes\" data-elementor-lightbox-slideshow=\"dd517da\" data-elementor-lightbox-title=\"Immagine 2026-03-16 155147 (1)\" data-e-action-hash=\"#elementor-action%3Aaction%3Dlightbox%26settings%3DeyJpZCI6MjMwOSwidXJsIjoiaHR0cHM6XC9cL2ZhbWlseWhvdGVsLml0XC93cC1jb250ZW50XC91cGxvYWRzXC8yMDI2XC8wM1wvSW1tYWdpbmUtMjAyNi0wMy0xNi0xNTUxNDctMS53ZWJwIiwic2xpZGVzaG93IjoiZGQ1MTdkYSJ9\">\n\t\t\t\t\t<div class=\"e-gallery-image elementor-gallery-item__image\" data-thumbnail=\"https:\/\/familyhotel.it\/wp-content\/uploads\/2026\/03\/Immagine-2026-03-16-155147-1.webp\" data-width=\"884\" data-height=\"800\" aria-label=\"\" role=\"img\" ><\/div>\n\t\t\t\t\t\t\t\t\t\t\t<div class=\"elementor-gallery-item__overlay\"><\/div>\n\t\t\t\t\t\t\t\t\t\t\t\t\t\t<\/a>\n\t\t\t\t\t\t\t<a class=\"e-gallery-item elementor-gallery-item elementor-animated-content\" data-e-gallery-tags=\"0\" href=\"https:\/\/familyhotel.it\/wp-content\/uploads\/2026\/03\/upscalemedia-transformed-2.webp\" data-elementor-open-lightbox=\"yes\" data-elementor-lightbox-slideshow=\"dd517da\" data-elementor-lightbox-title=\"upscalemedia-transformed (2)\" data-e-action-hash=\"#elementor-action%3Aaction%3Dlightbox%26settings%3DeyJpZCI6MjM3MywidXJsIjoiaHR0cHM6XC9cL2ZhbWlseWhvdGVsLml0XC93cC1jb250ZW50XC91cGxvYWRzXC8yMDI2XC8wM1wvdXBzY2FsZW1lZGlhLXRyYW5zZm9ybWVkLTIud2VicCIsInNsaWRlc2hvdyI6ImRkNTE3ZGEifQ%3D%3D\">\n\t\t\t\t\t<div class=\"e-gallery-image elementor-gallery-item__image\" data-thumbnail=\"https:\/\/familyhotel.it\/wp-content\/uploads\/2026\/03\/upscalemedia-transformed-2.webp\" data-width=\"900\" data-height=\"832\" aria-label=\"\" role=\"img\" ><\/div>\n\t\t\t\t\t\t\t\t\t\t\t<div class=\"elementor-gallery-item__overlay\"><\/div>\n\t\t\t\t\t\t\t\t\t\t\t\t\t\t<\/a>\n\t\t\t\t\t\t\t<a class=\"e-gallery-item elementor-gallery-item elementor-animated-content\" data-e-gallery-tags=\"0\" href=\"https:\/\/familyhotel.it\/wp-content\/uploads\/2026\/03\/Immagine-2026-03-16-164529.webp\" data-elementor-open-lightbox=\"yes\" data-elementor-lightbox-slideshow=\"dd517da\" data-elementor-lightbox-title=\"Immagine 2026-03-16 164529\" data-e-action-hash=\"#elementor-action%3Aaction%3Dlightbox%26settings%3DeyJpZCI6MjM4MSwidXJsIjoiaHR0cHM6XC9cL2ZhbWlseWhvdGVsLml0XC93cC1jb250ZW50XC91cGxvYWRzXC8yMDI2XC8wM1wvSW1tYWdpbmUtMjAyNi0wMy0xNi0xNjQ1Mjkud2VicCIsInNsaWRlc2hvdyI6ImRkNTE3ZGEifQ%3D%3D\">\n\t\t\t\t\t<div class=\"e-gallery-image elementor-gallery-item__image\" data-thumbnail=\"https:\/\/familyhotel.it\/wp-content\/uploads\/2026\/03\/Immagine-2026-03-16-164529.webp\" data-width=\"915\" data-height=\"508\" aria-label=\"\" role=\"img\" ><\/div>\n\t\t\t\t\t\t\t\t\t\t\t<div class=\"elementor-gallery-item__overlay\"><\/div>\n\t\t\t\t\t\t\t\t\t\t\t\t\t\t<\/a>\n\t\t\t\t\t\t\t<a class=\"e-gallery-item elementor-gallery-item elementor-animated-content\" data-e-gallery-tags=\"0\" href=\"https:\/\/familyhotel.it\/wp-content\/uploads\/2026\/03\/Immagine-2026-03-12-155522.webp\" data-elementor-open-lightbox=\"yes\" data-elementor-lightbox-slideshow=\"dd517da\" data-elementor-lightbox-title=\"Immagine 2026-03-12 155522\" data-e-action-hash=\"#elementor-action%3Aaction%3Dlightbox%26settings%3DeyJpZCI6MjI1NiwidXJsIjoiaHR0cHM6XC9cL2ZhbWlseWhvdGVsLml0XC93cC1jb250ZW50XC91cGxvYWRzXC8yMDI2XC8wM1wvSW1tYWdpbmUtMjAyNi0wMy0xMi0xNTU1MjIud2VicCIsInNsaWRlc2hvdyI6ImRkNTE3ZGEifQ%3D%3D\">\n\t\t\t\t\t<div class=\"e-gallery-image elementor-gallery-item__image\" data-thumbnail=\"https:\/\/familyhotel.it\/wp-content\/uploads\/2026\/03\/Immagine-2026-03-12-155522.webp\" data-width=\"925\" data-height=\"650\" aria-label=\"\" role=\"img\" ><\/div>\n\t\t\t\t\t\t\t\t\t\t\t<div class=\"elementor-gallery-item__overlay\"><\/div>\n\t\t\t\t\t\t\t\t\t\t\t\t\t\t<\/a>\n\t\t\t\t\t\t\t<a class=\"e-gallery-item elementor-gallery-item elementor-animated-content\" data-e-gallery-tags=\"0\" href=\"https:\/\/familyhotel.it\/wp-content\/uploads\/2026\/03\/Immagine-2026-03-12-155831-1.png\" data-elementor-open-lightbox=\"yes\" data-elementor-lightbox-slideshow=\"dd517da\" data-elementor-lightbox-title=\"Immagine 2026-03-12 155831 (1)\" data-e-action-hash=\"#elementor-action%3Aaction%3Dlightbox%26settings%3DeyJpZCI6MjI2OCwidXJsIjoiaHR0cHM6XC9cL2ZhbWlseWhvdGVsLml0XC93cC1jb250ZW50XC91cGxvYWRzXC8yMDI2XC8wM1wvSW1tYWdpbmUtMjAyNi0wMy0xMi0xNTU4MzEtMS5wbmciLCJzbGlkZXNob3ciOiJkZDUxN2RhIn0%3D\">\n\t\t\t\t\t<div class=\"e-gallery-image elementor-gallery-item__image\" data-thumbnail=\"https:\/\/familyhotel.it\/wp-content\/uploads\/2026\/03\/Immagine-2026-03-12-155831-1-1024x418.png\" data-width=\"1024\" data-height=\"418\" aria-label=\"\" role=\"img\" ><\/div>\n\t\t\t\t\t\t\t\t\t\t\t<div class=\"elementor-gallery-item__overlay\"><\/div>\n\t\t\t\t\t\t\t\t\t\t\t\t\t\t<\/a>\n\t\t\t\t\t\t\t<a class=\"e-gallery-item elementor-gallery-item elementor-animated-content\" data-e-gallery-tags=\"0\" href=\"https:\/\/familyhotel.it\/wp-content\/uploads\/2026\/03\/ChatGPT-Image-16-mar-2026-16_50_39.webp\" data-elementor-open-lightbox=\"yes\" data-elementor-lightbox-slideshow=\"dd517da\" data-elementor-lightbox-title=\"ChatGPT Image 16 mar 2026, 16_50_39\" data-e-action-hash=\"#elementor-action%3Aaction%3Dlightbox%26settings%3DeyJpZCI6MjM4NSwidXJsIjoiaHR0cHM6XC9cL2ZhbWlseWhvdGVsLml0XC93cC1jb250ZW50XC91cGxvYWRzXC8yMDI2XC8wM1wvQ2hhdEdQVC1JbWFnZS0xNi1tYXItMjAyNi0xNl81MF8zOS53ZWJwIiwic2xpZGVzaG93IjoiZGQ1MTdkYSJ9\">\n\t\t\t\t\t<div class=\"e-gallery-image elementor-gallery-item__image\" data-thumbnail=\"https:\/\/familyhotel.it\/wp-content\/uploads\/2026\/03\/ChatGPT-Image-16-mar-2026-16_50_39.webp\" data-width=\"1024\" data-height=\"1024\" aria-label=\"\" role=\"img\" ><\/div>\n\t\t\t\t\t\t\t\t\t\t\t<div class=\"elementor-gallery-item__overlay\"><\/div>\n\t\t\t\t\t\t\t\t\t\t\t\t\t\t<\/a>\n\t\t\t\t\t<\/div>\n\t\t\t\t\t<\/div>\n\t\t\t\t\t<\/div>\n\t\t\t\t<\/div>\n\t\t\t\t<div class=\"elementor-element elementor-element-b20a9c5 elementor-hidden-tablet elementor-hidden-mobile elementor-invisible elementor-widget elementor-widget-heading\" data-id=\"b20a9c5\" data-element_type=\"widget\" data-e-type=\"widget\" data-settings=\"{&quot;_animation&quot;:&quot;zoomIn&quot;}\" data-widget_type=\"heading.default\">\n\t\t\t\t\t<h2 class=\"elementor-heading-title elementor-size-default\">Bus agricole : le voyage le plus authentique de vos vacances\n\n\n\n\n\n\n\n\n<\/h2>\t\t\t\t<\/div>\n\t\t\t\t<div class=\"elementor-element elementor-element-74678ff elementor-hidden-tablet elementor-hidden-mobile elementor-widget elementor-widget-spacer\" data-id=\"74678ff\" data-element_type=\"widget\" data-e-type=\"widget\" data-widget_type=\"spacer.default\">\n\t\t\t\t\t\t\t<div class=\"elementor-spacer\">\n\t\t\t<div class=\"elementor-spacer-inner\"><\/div>\n\t\t<\/div>\n\t\t\t\t\t\t<\/div>\n\t\t\t\t<\/div>\n\t\t<div class=\"elementor-element elementor-element-6676a89 e-flex e-con-boxed e-con e-parent\" data-id=\"6676a89\" data-element_type=\"container\" data-e-type=\"container\">\n\t\t\t\t\t<div class=\"e-con-inner\">\n\t\t\t\t<div class=\"elementor-element elementor-element-9a85bad elementor-widget elementor-widget-shortcode\" data-id=\"9a85bad\" data-element_type=\"widget\" data-e-type=\"widget\" data-widget_type=\"shortcode.default\">\n\t\t\t\t\t\t\t<div class=\"elementor-shortcode\">        <div class=\"etc-fullbleed-wrap\">\n            <section class=\"etc-section\">\n                <div class=\"etc-container\">\n                    <div class=\"etc-header\">\n                        <div class=\"etc-badge-wrap\">\n                            <span class=\"etc-badge-line\"><\/span>\n                            <span class=\"etc-badge\">Exp\u00e9riences du territoire<\/span>\n                            <span class=\"etc-badge-line\"><\/span>\n                        <\/div>\n\n                        <h2 class=\"etc-title\">Lieux, saveurs et traditions \u00e0 d\u00e9couvrir<\/h2>\n                        <div class=\"etc-divider\"><\/div>\n                        <p class=\"etc-subtitle\">Un parcours entre villages, culture, cuisine et panoramas authentiques, pens\u00e9 pour faire d\u00e9couvrir aux h\u00f4tes quelques-unes des exp\u00e9riences les plus suggestives de la Romagne.<\/p>\n                    <\/div>\n\n                    <div class=\"etc-grid\">\n                                <article class=\"etc-card etc-card--mondaino\">\n            <div class=\"etc-image-wrap\">\n                <img decoding=\"async\" class=\"etc-image\" src=\"https:\/\/www.romagna.net\/wp\/wp-content\/uploads\/2020\/08\/mostra-delle-maioliche-mondainesi.jpg\" alt=\"Mus\u00e9e de Mondaino\">\n                <div class=\"etc-icon-bubble\">\n                    <span class=\"etc-icon-char\">\ud83c\udfdb<\/span>\n                <\/div>\n            <\/div>\n            <div class=\"etc-content\">\n                <h3 class=\"etc-card-title\">Mus\u00e9e de Mondaino<\/h3>\n                <div class=\"etc-card-divider\"><\/div>\n                <p class=\"etc-card-text\">Un lieu riche en histoire et en traditions, o\u00f9 les h\u00f4tes pourront d\u00e9couvrir l\u2019identit\u00e9 la plus authentique du territoire et explorer le patrimoine culturel local dans un cadre fascinant.<\/p>\n            <\/div>\n        <\/article>\n                <article class=\"etc-card etc-card--gio-gio\">\n            <div class=\"etc-image-wrap\">\n                <img decoding=\"async\" class=\"etc-image\" src=\"https:\/\/domusgiogio.it\/wp-content\/uploads\/2025\/12\/pasta-fatta-in-casa-domus-giogio-saludecio-home-restaurant.webp\" alt=\"Azienda Gi\u00f2-Gi\u00f2 avec cours de cuisine\">\n                <div class=\"etc-icon-bubble\">\n                    <span class=\"etc-icon-char\">\ud83c\udf5d<\/span>\n                <\/div>\n            <\/div>\n            <div class=\"etc-content\">\n                <h3 class=\"etc-card-title\">Azienda Gi\u00f2-Gi\u00f2 avec cours de cuisine<\/h3>\n                <div class=\"etc-card-divider\"><\/div>\n                <p class=\"etc-card-text\">Une exp\u00e9rience pratique et conviviale pour apprendre les secrets de la cuisine romagnole. Guid\u00e9s par des mains expertes, les h\u00f4tes pourront pr\u00e9parer des recettes authentiques et red\u00e9couvrir les saveurs de la tradition.<\/p>\n            <\/div>\n        <\/article>\n                <article class=\"etc-card etc-card--montefiore\">\n            <div class=\"etc-image-wrap\">\n                <img decoding=\"async\" class=\"etc-image\" src=\"https:\/\/dynamic-media-cdn.tripadvisor.com\/media\/photo-o\/1b\/fb\/1b\/21\/veduta-aerea-del-castello.jpg?w=1200&#038;h=-1&#038;s=1\" alt=\"Rocca di Montefiore + d\u00e9gustation\">\n                <div class=\"etc-icon-bubble\">\n                    <span class=\"etc-icon-char\">\ud83c\udf77<\/span>\n                <\/div>\n            <\/div>\n            <div class=\"etc-content\">\n                <h3 class=\"etc-card-title\">Rocca di Montefiore + d\u00e9gustation<\/h3>\n                <div class=\"etc-card-divider\"><\/div>\n                <p class=\"etc-card-text\">Une visite dans un lieu suggestif et plein de charme, o\u00f9 histoire, panorama et go\u00fbt se rencontrent. L\u2019exp\u00e9rience se compl\u00e8te par une <strong>d\u00e9gustation de charcuteries d\u2019excellence romagnole<\/strong>.<\/p>\n            <\/div>\n        <\/article>\n                <article class=\"etc-card etc-card--san-leo\">\n            <div class=\"etc-image-wrap\">\n                <img decoding=\"async\" class=\"etc-image\" src=\"https:\/\/d13gisi6iet4nc.cloudfront.net\/odm-prev\/p,rn,2018,san_leo,fortezza_di_san_leo,c,30046,comune_di_san_leo.jpg\" alt=\"Gricione de San Leo\">\n                <div class=\"etc-icon-bubble\">\n                    <span class=\"etc-icon-char\">\u26f0<\/span>\n                <\/div>\n            <\/div>\n            <div class=\"etc-content\">\n                <h3 class=\"etc-card-title\">Gricione de San Leo<\/h3>\n                <div class=\"etc-card-divider\"><\/div>\n                <p class=\"etc-card-text\">Une exp\u00e9rience entre paysage et \u00e9merveillement, dans l\u2019un des lieux les plus embl\u00e9matiques du territoire. Le Gricione de San Leo offre des vues spectaculaires et une atmosph\u00e8re unique.<\/p>\n            <\/div>\n        <\/article>\n                            <\/div>\n                <\/div>\n            <\/section>\n        <\/div>\n        <\/div>\n\t\t\t\t\t\t<\/div>\n\t\t\t\t\t<\/div>\n\t\t\t\t<\/div>\n\t\t\t\t<\/div>\n\t\t","protected":false},"excerpt":{"rendered":"<p>bus agricole une exp\u00e9rience unique Exp\u00e9rience en bus agricole Avec notre bus agricole, les h\u00f4tes peuvent vivre une exp\u00e9rience unique : partir de l\u2019h\u00f4tel situ\u00e9 pr\u00e8s de la mer et rejoindre la campagne romagnole \u00e0 bord d\u2019une charrette tir\u00e9e par un tracteur.Pendant le trajet, ils d\u00e9couvrent des villages historiques, des artisans locaux et notre exploitation [&hellip;]<\/p>\n","protected":false},"author":1,"featured_media":0,"parent":0,"menu_order":0,"comment_status":"closed","ping_status":"closed","template":"","meta":{"_acf_changed":false,"pgc_sgb_lightbox_settings":"","footnotes":""},"class_list":["post-2798","page","type-page","status-publish","hentry"],"blocksy_meta":[],"acf":[],"yoast_head":"<!-- This site is optimized with the Yoast SEO plugin v24.6 - https:\/\/yoast.com\/wordpress\/plugins\/seo\/ -->\n<title>Bus-Agricole - Hotel aurora<\/title>\n<meta name=\"robots\" content=\"index, follow, max-snippet:-1, max-image-preview:large, max-video-preview:-1\" \/>\n<link rel=\"canonical\" href=\"https:\/\/familyhotel.it\/fr\/agribus\/\" \/>\n<meta property=\"og:locale\" content=\"fr_FR\" \/>\n<meta property=\"og:type\" content=\"article\" \/>\n<meta property=\"og:title\" content=\"Bus-Agricole - Hotel aurora\" \/>\n<meta property=\"og:description\" content=\"bus agricole une exp\u00e9rience unique Exp\u00e9rience en bus agricole Avec notre bus agricole, les h\u00f4tes peuvent vivre une exp\u00e9rience unique : partir de l\u2019h\u00f4tel situ\u00e9 pr\u00e8s de la mer et rejoindre la campagne romagnole \u00e0 bord d\u2019une charrette tir\u00e9e par un tracteur.Pendant le trajet, ils d\u00e9couvrent des villages historiques, des artisans locaux et notre exploitation [&hellip;]\" \/>\n<meta property=\"og:url\" content=\"https:\/\/familyhotel.it\/fr\/agribus\/\" \/>\n<meta property=\"og:site_name\" content=\"Hotel aurora\" \/>\n<meta property=\"article:modified_time\" content=\"2026-03-20T11:20:17+00:00\" \/>\n<meta name=\"twitter:card\" content=\"summary_large_image\" \/>\n<meta name=\"twitter:label1\" content=\"Dur\u00e9e de lecture estim\u00e9e\" \/>\n\t<meta name=\"twitter:data1\" content=\"3 minutes\" \/>\n<!-- \/ Yoast SEO plugin. -->","yoast_head_json":{"title":"Bus-Agricole - Hotel aurora","robots":{"index":"index","follow":"follow","max-snippet":"max-snippet:-1","max-image-preview":"max-image-preview:large","max-video-preview":"max-video-preview:-1"},"canonical":"https:\/\/familyhotel.it\/fr\/agribus\/","og_locale":"fr_FR","og_type":"article","og_title":"Bus-Agricole - Hotel aurora","og_description":"bus agricole une exp\u00e9rience unique Exp\u00e9rience en bus agricole Avec notre bus agricole, les h\u00f4tes peuvent vivre une exp\u00e9rience unique : partir de l\u2019h\u00f4tel situ\u00e9 pr\u00e8s de la mer et rejoindre la campagne romagnole \u00e0 bord d\u2019une charrette tir\u00e9e par un tracteur.Pendant le trajet, ils d\u00e9couvrent des villages historiques, des artisans locaux et notre exploitation [&hellip;]","og_url":"https:\/\/familyhotel.it\/fr\/agribus\/","og_site_name":"Hotel aurora","article_modified_time":"2026-03-20T11:20:17+00:00","twitter_card":"summary_large_image","twitter_misc":{"Dur\u00e9e de lecture estim\u00e9e":"3 minutes"},"schema":{"@context":"https:\/\/schema.org","@graph":[{"@type":"WebPage","@id":"https:\/\/familyhotel.it\/fr\/agribus\/","url":"https:\/\/familyhotel.it\/fr\/agribus\/","name":"Bus-Agricole - Hotel aurora","isPartOf":{"@id":"https:\/\/familyhotel.it\/#website"},"datePublished":"2026-03-12T14:57:32+00:00","dateModified":"2026-03-20T11:20:17+00:00","breadcrumb":{"@id":"https:\/\/familyhotel.it\/fr\/agribus\/#breadcrumb"},"inLanguage":"fr-FR","potentialAction":[{"@type":"ReadAction","target":["https:\/\/familyhotel.it\/fr\/agribus\/"]}]},{"@type":"BreadcrumbList","@id":"https:\/\/familyhotel.it\/fr\/agribus\/#breadcrumb","itemListElement":[{"@type":"ListItem","position":1,"name":"Home","item":"https:\/\/familyhotel.it\/fr\/"},{"@type":"ListItem","position":2,"name":"Bus-Agricole"}]},{"@type":"WebSite","@id":"https:\/\/familyhotel.it\/#website","url":"https:\/\/familyhotel.it\/","name":"Hotel aurora","description":"","publisher":{"@id":"https:\/\/familyhotel.it\/#organization"},"potentialAction":[{"@type":"SearchAction","target":{"@type":"EntryPoint","urlTemplate":"https:\/\/familyhotel.it\/?s={search_term_string}"},"query-input":{"@type":"PropertyValueSpecification","valueRequired":true,"valueName":"search_term_string"}}],"inLanguage":"fr-FR"},{"@type":"Organization","@id":"https:\/\/familyhotel.it\/#organization","name":"Hotel aurora","url":"https:\/\/familyhotel.it\/","logo":{"@type":"ImageObject","inLanguage":"fr-FR","@id":"https:\/\/familyhotel.it\/#\/schema\/logo\/image\/","url":"https:\/\/familyhotel.it\/wp-content\/uploads\/2025\/02\/logo-aurora_def1.png","contentUrl":"https:\/\/familyhotel.it\/wp-content\/uploads\/2025\/02\/logo-aurora_def1.png","width":199,"height":99,"caption":"Hotel aurora"},"image":{"@id":"https:\/\/familyhotel.it\/#\/schema\/logo\/image\/"}}]}},"_links":{"self":[{"href":"https:\/\/familyhotel.it\/fr\/wp-json\/wp\/v2\/pages\/2798","targetHints":{"allow":["GET"]}}],"collection":[{"href":"https:\/\/familyhotel.it\/fr\/wp-json\/wp\/v2\/pages"}],"about":[{"href":"https:\/\/familyhotel.it\/fr\/wp-json\/wp\/v2\/types\/page"}],"author":[{"embeddable":true,"href":"https:\/\/familyhotel.it\/fr\/wp-json\/wp\/v2\/users\/1"}],"replies":[{"embeddable":true,"href":"https:\/\/familyhotel.it\/fr\/wp-json\/wp\/v2\/comments?post=2798"}],"version-history":[{"count":4,"href":"https:\/\/familyhotel.it\/fr\/wp-json\/wp\/v2\/pages\/2798\/revisions"}],"predecessor-version":[{"id":2803,"href":"https:\/\/familyhotel.it\/fr\/wp-json\/wp\/v2\/pages\/2798\/revisions\/2803"}],"wp:attachment":[{"href":"https:\/\/familyhotel.it\/fr\/wp-json\/wp\/v2\/media?parent=2798"}],"curies":[{"name":"wp","href":"https:\/\/api.w.org\/{rel}","templated":true}]}}