{"id":2002,"date":"2025-03-21T11:07:32","date_gmt":"2025-03-21T11:07:32","guid":{"rendered":"https:\/\/familyhotel.it\/?page_id=2002"},"modified":"2025-03-21T11:18:56","modified_gmt":"2025-03-21T11:18:56","slug":"informations-sur-les-offres","status":"publish","type":"page","link":"https:\/\/familyhotel.it\/fr\/informations-sur-les-offres\/","title":{"rendered":"Informations sur les offres"},"content":{"rendered":"<div class=\"wpforms-container wpforms-render-modern\" id=\"wpforms-1999\"><form id=\"wpforms-form-1999\" class=\"wpforms-validate wpforms-form\" data-formid=\"1999\" method=\"post\" enctype=\"multipart\/form-data\" action=\"\/fr\/wp-json\/wp\/v2\/pages\/2002\" data-token=\"fbea4ef8e2129c3495bf43550a373b37\" data-token-time=\"1777459230\"><noscript class=\"wpforms-error-noscript\">Veuillez activer JavaScript dans votre navigateur pour remplir ce formulaire.<\/noscript><div class=\"wpforms-hidden\" id=\"wpforms-error-noscript\">Veuillez activer JavaScript dans votre navigateur pour remplir ce formulaire.<\/div><div class=\"wpforms-field-container\"><div id=\"wpforms-1999-field_6-container\" class=\"wpforms-field wpforms-field-select wpforms-field-select-style-classic\" data-field-id=\"6\"><label class=\"wpforms-field-label\" for=\"wpforms-1999-field_6\">S\u00e9lectionnez l&#039;offre pour laquelle vous souhaitez obtenir de l&#039;aide<\/label><select id=\"wpforms-1999-field_6\" class=\"wpforms-field-medium\" name=\"wpforms[fields][6]\"><option value=\"Journ\u00e9e de d\u00e9tente \u00e0 Misano Adriatico avec aventure dans l&#039;arri\u00e8re-pays romagnol\" >Journ\u00e9e de d\u00e9tente \u00e0 Misano Adriatico avec aventure dans l&#039;arri\u00e8re-pays romagnol<\/option><option value=\"Combinaison de mer et d&#039;arri\u00e8re-pays !\" >Combinaison de mer et d&#039;arri\u00e8re-pays !<\/option><option value=\"Vacances \u00e0 l&#039;H\u00f4tel Aurora \u00e0 Misano Adriatico en pension compl\u00e8te et ap\u00e9ritif typique\" >Vacances \u00e0 l&#039;H\u00f4tel Aurora \u00e0 Misano Adriatico en pension compl\u00e8te et ap\u00e9ritif typique<\/option><option value=\"Rebel Fr\u00eddagar uttan tvingsil og n\u00fa\" >Rebel Fr\u00eddagar uttan tvingsil og n\u00fa<\/option><option value=\"Adoptez un olivier pour votre famille\" >Adoptez un olivier pour votre famille<\/option><option value=\"Adoptez un ou plusieurs arbres pour rendre votre mariage unique\" >Adoptez un ou plusieurs arbres pour rendre votre mariage unique<\/option><option value=\"RUCHER DU BIEN-\u00caTRE\" >RUCHER DU BIEN-\u00caTRE<\/option><option value=\"D\u00e9couvrez l&#039;art de Misano\" >D\u00e9couvrez l&#039;art de Misano<\/option><option value=\"L&#039;aube et le BOMBOLONE\" >L&#039;aube et le BOMBOLONE<\/option><option value=\"Visite et atelier \u00e0 l&#039;h\u00f4pital des tortues\" >Visite et atelier \u00e0 l&#039;h\u00f4pital des tortues<\/option><option value=\"sup tour et ap\u00e9ritif\" >sup tour et ap\u00e9ritif<\/option><option value=\"sup tour et ap\u00e9ritif\" >sup tour et ap\u00e9ritif<\/option><\/select><\/div><div id=\"wpforms-1999-field_0-container\" class=\"wpforms-field wpforms-field-name\" data-field-id=\"0\"><fieldset><legend class=\"wpforms-field-label\">Pr\u00e9nom et nom <span class=\"wpforms-required-label\" aria-hidden=\"true\">*<\/span><\/legend><div class=\"wpforms-field-row wpforms-field-large\"><div class=\"wpforms-field-row-block wpforms-first wpforms-one-half\"><input type=\"text\" id=\"wpforms-1999-field_0\" class=\"wpforms-field-name-first wpforms-field-required\" name=\"wpforms[fields][0][first]\" aria-errormessage=\"wpforms-1999-field_0-error\" required><label for=\"wpforms-1999-field_0\" class=\"wpforms-field-sublabel after wpforms-sublabel-hide\">Pr\u00e9nom<\/label><\/div><div class=\"wpforms-field-row-block wpforms-one-half\"><input type=\"text\" id=\"wpforms-1999-field_0-last\" class=\"wpforms-field-name-last wpforms-field-required\" name=\"wpforms[fields][0][last]\" aria-errormessage=\"wpforms-1999-field_0-last-error\" required><label for=\"wpforms-1999-field_0-last\" class=\"wpforms-field-sublabel after wpforms-sublabel-hide\">Nom<\/label><\/div><\/div><\/fieldset><\/div><div id=\"wpforms-1999-field_4-container\" class=\"wpforms-field wpforms-field-text\" data-field-id=\"4\"><label class=\"wpforms-field-label\" for=\"wpforms-1999-field_4\">T\u00e9l\u00e9phone <span class=\"wpforms-required-label\" aria-hidden=\"true\">*<\/span><\/label><input type=\"text\" id=\"wpforms-1999-field_4\" class=\"wpforms-field-large wpforms-field-required\" name=\"wpforms[fields][4]\" aria-errormessage=\"wpforms-1999-field_4-error\" required><\/div><div id=\"wpforms-1999-field_1-container\" class=\"wpforms-field wpforms-field-email\" data-field-id=\"1\"><label class=\"wpforms-field-label\" for=\"wpforms-1999-field_1\">Adresse e-mail <span class=\"wpforms-required-label\" aria-hidden=\"true\">*<\/span><\/label><input type=\"email\" id=\"wpforms-1999-field_1\" class=\"wpforms-field-large wpforms-field-required\" name=\"wpforms[fields][1]\" spellcheck=\"false\" aria-errormessage=\"wpforms-1999-field_1-error\" required><\/div><div id=\"wpforms-1999-field_2-container\" class=\"wpforms-field wpforms-field-textarea\" data-field-id=\"2\"><label class=\"wpforms-field-label\" for=\"wpforms-1999-field_2\">Message <span class=\"wpforms-required-label\" aria-hidden=\"true\">*<\/span><\/label><textarea id=\"wpforms-1999-field_2\" class=\"wpforms-field-large wpforms-field-required\" name=\"wpforms[fields][2]\" placeholder=\"Entrez le message\" aria-errormessage=\"wpforms-1999-field_2-error\" required><\/textarea><\/div><\/div><!-- .wpforms-field-container --><div class=\"wpforms-recaptcha-container wpforms-is-recaptcha wpforms-is-recaptcha-type-v2\" ><div class=\"g-recaptcha\" data-sitekey=\"6LfBTCArAAAAAM_Y9MS-UzlrxaPBBo32hqFPDzLc\"><\/div><input type=\"text\" name=\"g-recaptcha-hidden\" class=\"wpforms-recaptcha-hidden\" style=\"position:absolute!important;clip:rect(0,0,0,0)!important;height:1px!important;width:1px!important;border:0!important;overflow:hidden!important;padding:0!important;margin:0!important;\" data-rule-recaptcha=\"1\"><\/div><div class=\"wpforms-submit-container\" ><input type=\"hidden\" name=\"wpforms[id]\" value=\"1999\"><input type=\"hidden\" name=\"page_title\" value=\"\"><input type=\"hidden\" name=\"page_url\" value=\"https:\/\/familyhotel.it\/fr\/wp-json\/wp\/v2\/pages\/2002\"><button type=\"submit\" name=\"wpforms[submit]\" id=\"wpforms-submit-1999\" class=\"wpforms-submit\" data-alt-text=\"Envoyer.\" data-submit-text=\"Envoyer le message\" aria-live=\"assertive\" value=\"wpforms-submit\">Envoyer le message<\/button><\/div><\/form><\/div>  <!-- .wpforms-container -->\n","protected":false},"excerpt":{"rendered":"","protected":false},"author":1,"featured_media":0,"parent":0,"menu_order":0,"comment_status":"closed","ping_status":"closed","template":"","meta":{"_acf_changed":false,"pgc_sgb_lightbox_settings":"","footnotes":""},"class_list":["post-2002","page","type-page","status-publish","hentry"],"blocksy_meta":[],"acf":[],"yoast_head":"<!-- This site is optimized with the Yoast SEO plugin v24.6 - https:\/\/yoast.com\/wordpress\/plugins\/seo\/ -->\n<title>Informations sur les offres - Hotel aurora<\/title>\n<meta name=\"robots\" content=\"index, follow, max-snippet:-1, max-image-preview:large, max-video-preview:-1\" \/>\n<link rel=\"canonical\" href=\"https:\/\/familyhotel.it\/fr\/informations-sur-les-offres\/\" \/>\n<meta property=\"og:locale\" content=\"fr_FR\" \/>\n<meta property=\"og:type\" content=\"article\" \/>\n<meta property=\"og:title\" content=\"Informations sur les offres - Hotel aurora\" \/>\n<meta property=\"og:url\" content=\"https:\/\/familyhotel.it\/fr\/informations-sur-les-offres\/\" \/>\n<meta property=\"og:site_name\" content=\"Hotel aurora\" \/>\n<meta property=\"article:modified_time\" content=\"2025-03-21T11:18:56+00:00\" \/>\n<meta name=\"twitter:card\" content=\"summary_large_image\" \/>\n<meta name=\"twitter:label1\" content=\"Dur\u00e9e de lecture estim\u00e9e\" \/>\n\t<meta name=\"twitter:data1\" content=\"1 minute\" \/>\n<!-- \/ Yoast SEO plugin. -->","yoast_head_json":{"title":"Informations sur les offres - Hotel aurora","robots":{"index":"index","follow":"follow","max-snippet":"max-snippet:-1","max-image-preview":"max-image-preview:large","max-video-preview":"max-video-preview:-1"},"canonical":"https:\/\/familyhotel.it\/fr\/informations-sur-les-offres\/","og_locale":"fr_FR","og_type":"article","og_title":"Informations sur les offres - Hotel aurora","og_url":"https:\/\/familyhotel.it\/fr\/informations-sur-les-offres\/","og_site_name":"Hotel aurora","article_modified_time":"2025-03-21T11:18:56+00:00","twitter_card":"summary_large_image","twitter_misc":{"Dur\u00e9e de lecture estim\u00e9e":"1 minute"},"schema":{"@context":"https:\/\/schema.org","@graph":[{"@type":"WebPage","@id":"https:\/\/familyhotel.it\/fr\/informations-sur-les-offres\/","url":"https:\/\/familyhotel.it\/fr\/informations-sur-les-offres\/","name":"Informations sur les offres - Hotel aurora","isPartOf":{"@id":"https:\/\/familyhotel.it\/#website"},"datePublished":"2025-03-21T11:07:32+00:00","dateModified":"2025-03-21T11:18:56+00:00","breadcrumb":{"@id":"https:\/\/familyhotel.it\/fr\/informations-sur-les-offres\/#breadcrumb"},"inLanguage":"fr-FR","potentialAction":[{"@type":"ReadAction","target":["https:\/\/familyhotel.it\/fr\/informations-sur-les-offres\/"]}]},{"@type":"BreadcrumbList","@id":"https:\/\/familyhotel.it\/fr\/informations-sur-les-offres\/#breadcrumb","itemListElement":[{"@type":"ListItem","position":1,"name":"Home","item":"https:\/\/familyhotel.it\/fr\/"},{"@type":"ListItem","position":2,"name":"Informations sur les offres"}]},{"@type":"WebSite","@id":"https:\/\/familyhotel.it\/#website","url":"https:\/\/familyhotel.it\/","name":"Hotel aurora","description":"","publisher":{"@id":"https:\/\/familyhotel.it\/#organization"},"potentialAction":[{"@type":"SearchAction","target":{"@type":"EntryPoint","urlTemplate":"https:\/\/familyhotel.it\/?s={search_term_string}"},"query-input":{"@type":"PropertyValueSpecification","valueRequired":true,"valueName":"search_term_string"}}],"inLanguage":"fr-FR"},{"@type":"Organization","@id":"https:\/\/familyhotel.it\/#organization","name":"Hotel aurora","url":"https:\/\/familyhotel.it\/","logo":{"@type":"ImageObject","inLanguage":"fr-FR","@id":"https:\/\/familyhotel.it\/#\/schema\/logo\/image\/","url":"https:\/\/familyhotel.it\/wp-content\/uploads\/2025\/02\/logo-aurora_def1.png","contentUrl":"https:\/\/familyhotel.it\/wp-content\/uploads\/2025\/02\/logo-aurora_def1.png","width":199,"height":99,"caption":"Hotel aurora"},"image":{"@id":"https:\/\/familyhotel.it\/#\/schema\/logo\/image\/"}}]}},"_links":{"self":[{"href":"https:\/\/familyhotel.it\/fr\/wp-json\/wp\/v2\/pages\/2002","targetHints":{"allow":["GET"]}}],"collection":[{"href":"https:\/\/familyhotel.it\/fr\/wp-json\/wp\/v2\/pages"}],"about":[{"href":"https:\/\/familyhotel.it\/fr\/wp-json\/wp\/v2\/types\/page"}],"author":[{"embeddable":true,"href":"https:\/\/familyhotel.it\/fr\/wp-json\/wp\/v2\/users\/1"}],"replies":[{"embeddable":true,"href":"https:\/\/familyhotel.it\/fr\/wp-json\/wp\/v2\/comments?post=2002"}],"version-history":[{"count":1,"href":"https:\/\/familyhotel.it\/fr\/wp-json\/wp\/v2\/pages\/2002\/revisions"}],"predecessor-version":[{"id":2003,"href":"https:\/\/familyhotel.it\/fr\/wp-json\/wp\/v2\/pages\/2002\/revisions\/2003"}],"wp:attachment":[{"href":"https:\/\/familyhotel.it\/fr\/wp-json\/wp\/v2\/media?parent=2002"}],"curies":[{"name":"wp","href":"https:\/\/api.w.org\/{rel}","templated":true}]}}