{"id":1611,"date":"2025-03-06T14:54:18","date_gmt":"2025-03-06T14:54:18","guid":{"rendered":"https:\/\/familyhotel.it\/?page_id=1611"},"modified":"2025-03-11T15:26:58","modified_gmt":"2025-03-11T15:26:58","slug":"trois-pieces","status":"publish","type":"page","link":"https:\/\/familyhotel.it\/fr\/trois-pieces\/","title":{"rendered":"trois-pi\u00e8ces"},"content":{"rendered":"\n<div class=\"wp-block-stackable-call-to-action alignfull stk-block-call-to-action stk-block stk-cd1bd8f stk-block-background stk--has-background-overlay\" data-v=\"2\" data-block-id=\"cd1bd8f\"><style>.stk-cd1bd8f {background-color:transparent !important;background-image:url(https:\/\/familyhotel.it\/wp-content\/uploads\/2025\/03\/photo_5931377547361240601_y-1.jpg) !important;min-height:600px !important;align-items:center !important;display:flex !important;top:-100px !important;}.stk-cd1bd8f:before{opacity:0.9 !important;background-image:linear-gradient(90deg,  0%, rgba(0,0,0,0) 100%) !important;}<\/style><div class=\"stk-block-call-to-action__content stk-content-align stk-cd1bd8f-column alignwide stk-container stk-cd1bd8f-container stk--no-background stk--no-padding\"><div class=\"has-text-align-center stk-block-content stk-inner-blocks stk-cd1bd8f-inner-blocks\">\n<p><\/p>\n<\/div><\/div><\/div>\n\n\n\n<div class=\"wp-block-stackable-feature alignwide stk-block-feature stk-block stk-5ea091d stk-entrance is-style-default\" data-v=\"2\" data-block-id=\"5ea091d\"><style>.stk-5ea091d {--stk-feature-flex-wrap:nowrap !important;margin-bottom:0px !important;top:-100px !important;--entrance-transform:translateX(-200px) !important;}.stk-5ea091d-container{box-shadow:0px 2px 20px #99999933 !important;}<\/style><div class=\"stk-content-align stk-5ea091d-column alignwide stk-container stk-5ea091d-container stk-hover-parent\"><div class=\"stk-inner-blocks stk-block-content stk-row\">\n<div class=\"wp-block-stackable-column stk-block-column stk-column stk-block stk-822b384\" data-v=\"4\" data-block-id=\"822b384\"><style>.stk-822b384 {align-self:center !important;}@media screen and (min-width:690px){.stk-822b384 {flex:var(--stk-flex-grow, 1) 1 calc(50% - var(--stk-column-gap, 0px) * 1 \/ 2 ) !important;}}<\/style><div class=\"stk-column-wrapper stk-block-column__content stk-container stk-822b384-container stk--no-background stk--no-padding\"><div class=\"stk-block-content stk-inner-blocks stk-822b384-inner-blocks\">\n<div class=\"wp-block-stackable-image stk-block-image stk-block stk-743e2c0\" data-block-id=\"743e2c0\"><figure><span class=\"stk-img-wrapper stk-image--shape-stretch\"><img fetchpriority=\"high\" decoding=\"async\" class=\"stk-img wp-image-1343\" src=\"https:\/\/familyhotel.it\/wp-content\/uploads\/2025\/03\/photo_5931377547361240609_y.jpg\" width=\"1280\" height=\"854\" srcset=\"https:\/\/familyhotel.it\/wp-content\/uploads\/2025\/03\/photo_5931377547361240609_y.jpg 1280w, https:\/\/familyhotel.it\/wp-content\/uploads\/2025\/03\/photo_5931377547361240609_y-300x200.jpg 300w, https:\/\/familyhotel.it\/wp-content\/uploads\/2025\/03\/photo_5931377547361240609_y-1024x683.jpg 1024w, https:\/\/familyhotel.it\/wp-content\/uploads\/2025\/03\/photo_5931377547361240609_y-768x512.jpg 768w\" sizes=\"(max-width: 1280px) 100vw, 1280px\" \/><\/span><\/figure><\/div>\n<\/div><\/div><\/div>\n\n\n\n<div class=\"wp-block-stackable-column stk-block-column stk-column stk-block stk-ebdfff5\" data-v=\"4\" data-block-id=\"ebdfff5\"><style>.stk-ebdfff5 {align-self:center !important;}.stk-ebdfff5-inner-blocks{justify-content:center !important;}.stk-ebdfff5-container{display:flex !important;}@media screen and (min-width:690px){.stk-ebdfff5 {flex:var(--stk-flex-grow, 1) 1 calc(50% - var(--stk-column-gap, 0px) * 1 \/ 2 ) !important;}}<\/style><div class=\"stk-column-wrapper stk-block-column__content stk-container stk-ebdfff5-container stk--no-background stk--no-padding\"><div class=\"stk-block-content stk-inner-blocks stk-ebdfff5-inner-blocks\">\n<div class=\"wp-block-stackable-heading stk-block-heading stk-block-heading--v2 stk-block stk-99c0388\" id=\"trois-pieces\" data-block-id=\"99c0388\"><style>.stk-99c0388 .stk-block-heading__text{background-image:linear-gradient(135deg,rgb(147,169,150) 0%,rgb(51,135,158) 100%) !important;font-weight:bold !important;font-family:\"Lato\", Sans-serif !important;}<\/style><h2 class=\"stk-block-heading__text stk--is-gradient has-text-color has-text-align-left\">trois-pi\u00e8ces<\/h2><\/div>\n\n\n\n<div class=\"wp-block-stackable-text stk-block-text stk-block stk-e5d1920\" data-block-id=\"e5d1920\"><style>.stk-e5d1920 .stk-block-text__text{font-size:21px !important;}@media screen and (max-width:999px){.stk-e5d1920 .stk-block-text__text{font-size:21px !important;}}<\/style><p class=\"stk-block-text__text\">Appartement de 40 m\u00b2 compos\u00e9 d&rsquo;une chambre matrimoniale, d&rsquo;une chambre avec un lit superpos\u00e9, d&rsquo;une chambre avec cuisine (avec possibilit\u00e9 d&rsquo;ajouter un lit simple). Les trois pi\u00e8ces ont chacune une entr\u00e9e ind\u00e9pendante et un balcon, et sont s\u00e9par\u00e9es par une porte int\u00e9rieure. De plus, il y a une grande salle de bains avec cabine de douche.<br>La solution id\u00e9ale pour les familles nombreuses.<\/p><\/div>\n<\/div><\/div><\/div>\n<\/div><\/div><\/div>\n\n\n\n<div class=\"wp-block-stackable-columns alignwide stk-block-columns stk-block stk-94a1abf\" data-block-id=\"94a1abf\"><style>.stk-94a1abf {padding-top:80px !important;padding-bottom:80px !important;top:-100px !important;}.stk-94a1abf-column{--stk-column-gap:32px !important;}@media screen and (max-width:689px){.stk-94a1abf-column{row-gap:24px !important;}}<\/style><div class=\"stk-row stk-inner-blocks stk-block-content stk-content-align stk-94a1abf-column alignwide\">\n<div class=\"wp-block-stackable-column stk-block-column stk-column stk-block stk-4dd3b72 stk-entrance\" data-v=\"4\" data-block-id=\"4dd3b72\"><style>.stk-4dd3b72-inner-blocks{justify-content:center !important;}.stk-4dd3b72-container{display:flex !important;}.stk-4dd3b72 {--entrance-transform:translateY(48px) !important;}<\/style><div class=\"stk-column-wrapper stk-block-column__content stk-container stk-4dd3b72-container stk--no-background stk--no-padding\"><div class=\"stk-block-content stk-inner-blocks stk-4dd3b72-inner-blocks\">\n<div class=\"wp-block-stackable-heading stk-block-heading stk-block-heading--v2 stk-block stk-062d249\" id=\"confort-et-espace-a-deux-pas-de-la-mer\" data-block-id=\"062d249\"><style>.stk-062d249 .stk-block-heading__top-line{margin-bottom:48px !important;}.stk-062d249 {max-width:640px !important;min-width:auto !important;}.stk-062d249 .stk-block-heading__text{font-size:80px !important;color:#33879e !important;font-weight:300 !important;font-family:\"Lato\", Sans-serif !important;}@media screen and (max-width:999px){.stk-062d249 .stk-block-heading__text{font-size:50px !important;}}<\/style><h2 class=\"stk-block-heading__text has-text-color has-text-align-left\">Confort et espace \u00e0 deux pas de la mer.<\/h2><\/div>\n\n\n\n<div class=\"wp-block-stackable-text stk-block-text stk-block stk-d40f0e5\" data-block-id=\"d40f0e5\"><style>.stk-d40f0e5 {margin-bottom:13px !important;}<\/style><p class=\"stk-block-text__text\">L&rsquo;appartement est meubl\u00e9 de mani\u00e8re fonctionnelle et accueillante, offrant un environnement d\u00e9tendu pour les invit\u00e9s. De plus, en s\u00e9journant dans le trois-pi\u00e8ces, vous avez acc\u00e8s aux services de l&rsquo;h\u00f4tel, notamment une piscine int\u00e9rieure chauff\u00e9e, un centre de bien-\u00eatre avec sauna et hammam, une salle de sport et un restaurant servant une excellente cuisine romagnole. L&rsquo;\u00e9tablissement est pet-friendly, vous pouvez donc emmener vos amis \u00e0 quatre pattes.<\/p><\/div>\n\n\n\n<p>L&rsquo;H\u00f4tel Aurora se trouve \u00e0 environ 450 m\u00e8tres de la plage, dans un emplacement strat\u00e9gique pour visiter des attractions telles que l&rsquo;Aquarium de Cattolica et le Misano World Circuit Marco Simoncelli. La combinaison d&rsquo;un logement spacieux et des services de l&rsquo;h\u00f4tel fait du trois-pi\u00e8ces un excellent choix pour des vacances plac\u00e9es sous le signe de la d\u00e9tente et du divertissement<\/p>\n<\/div><\/div><\/div>\n\n\n\n<div class=\"wp-block-stackable-column stk-block-column stk-column stk-block stk-14b9fac\" data-v=\"4\" data-block-id=\"14b9fac\"><div class=\"stk-column-wrapper stk-block-column__content stk-container stk-14b9fac-container stk--no-background stk--no-padding\"><div class=\"stk-block-content stk-inner-blocks stk-14b9fac-inner-blocks\">\n<div class=\"wp-block-stackable-columns stk-block-columns stk-block stk-96c5b47\" data-block-id=\"96c5b47\"><style>.stk-96c5b47-column{--stk-column-gap:24px !important;}@media screen and (max-width:689px){.stk-96c5b47-column{row-gap:16px !important;}}<\/style><div class=\"stk-row stk-inner-blocks stk-block-content stk-content-align stk-96c5b47-column\">\n<div class=\"wp-block-stackable-column stk-block-column stk-column stk-block stk-472f2a5\" data-v=\"4\" data-block-id=\"472f2a5\"><style>.stk-472f2a5-container{margin-top:0px !important;margin-right:0px !important;margin-bottom:0px !important;margin-left:0px !important;}<\/style><div class=\"stk-column-wrapper stk-block-column__content stk-container stk-472f2a5-container stk--no-background stk--no-padding\"><div class=\"stk-block-content stk-inner-blocks stk-472f2a5-inner-blocks\">\n<div class=\"wp-block-stackable-image stk-block-image stk-block stk-640a534 stk-entrance\" data-block-id=\"640a534\"><style>.stk-640a534 {--entrance-transform:translateX(48px) !important;}.stk-640a534 .stk-img-wrapper{height:300px !important;}<\/style><figure><span class=\"stk-img-wrapper stk-image--shape-stretch\"><img decoding=\"async\" class=\"stk-img wp-image-1339\" src=\"https:\/\/familyhotel.it\/wp-content\/uploads\/2025\/03\/photo_5931377547361240608_y.jpg\" width=\"1280\" height=\"854\" srcset=\"https:\/\/familyhotel.it\/wp-content\/uploads\/2025\/03\/photo_5931377547361240608_y.jpg 1280w, https:\/\/familyhotel.it\/wp-content\/uploads\/2025\/03\/photo_5931377547361240608_y-300x200.jpg 300w, https:\/\/familyhotel.it\/wp-content\/uploads\/2025\/03\/photo_5931377547361240608_y-1024x683.jpg 1024w, https:\/\/familyhotel.it\/wp-content\/uploads\/2025\/03\/photo_5931377547361240608_y-768x512.jpg 768w\" sizes=\"(max-width: 1280px) 100vw, 1280px\" \/><\/span><\/figure><\/div>\n<\/div><\/div><\/div>\n\n\n\n<div class=\"wp-block-stackable-column stk-block-column stk-column stk-block stk-4f5b979\" data-v=\"4\" data-block-id=\"4f5b979\"><style>.stk-4f5b979-container{margin-top:0px !important;margin-right:0px !important;margin-bottom:0px !important;margin-left:0px !important;}<\/style><div class=\"stk-column-wrapper stk-block-column__content stk-container stk-4f5b979-container stk--no-background stk--no-padding\"><div class=\"stk-block-content stk-inner-blocks stk-4f5b979-inner-blocks\">\n<div class=\"wp-block-stackable-image stk-block-image stk-block stk-96ab78e stk-entrance\" data-block-id=\"96ab78e\"><style>.stk-96ab78e {--entrance-transform:translateX(48px) !important;}.stk-96ab78e .stk-img-wrapper{height:300px !important;}<\/style><figure><span class=\"stk-img-wrapper stk-image--shape-stretch\"><img decoding=\"async\" class=\"stk-img wp-image-1323\" src=\"https:\/\/familyhotel.it\/wp-content\/uploads\/2025\/03\/photo_5931377547361240604_y.jpg\" width=\"1280\" height=\"854\" srcset=\"https:\/\/familyhotel.it\/wp-content\/uploads\/2025\/03\/photo_5931377547361240604_y.jpg 1280w, https:\/\/familyhotel.it\/wp-content\/uploads\/2025\/03\/photo_5931377547361240604_y-300x200.jpg 300w, https:\/\/familyhotel.it\/wp-content\/uploads\/2025\/03\/photo_5931377547361240604_y-1024x683.jpg 1024w, https:\/\/familyhotel.it\/wp-content\/uploads\/2025\/03\/photo_5931377547361240604_y-768x512.jpg 768w\" sizes=\"(max-width: 1280px) 100vw, 1280px\" \/><\/span><\/figure><\/div>\n<\/div><\/div><\/div>\n<\/div><\/div>\n\n\n\n<div class=\"wp-block-stackable-columns stk-block-columns stk-block stk-8beb8c9\" data-block-id=\"8beb8c9\"><style>.stk-8beb8c9-column{--stk-column-gap:24px !important;}@media screen and (max-width:689px){.stk-8beb8c9-column{row-gap:16px !important;}}<\/style><div class=\"stk-row stk-inner-blocks stk-block-content stk-content-align stk-8beb8c9-column\">\n<div class=\"wp-block-stackable-column stk-block-column stk-column stk-block stk-5c49731\" data-v=\"4\" data-block-id=\"5c49731\"><style>.stk-5c49731-container{margin-top:0px !important;margin-right:0px !important;margin-bottom:0px !important;margin-left:0px !important;}<\/style><div class=\"stk-column-wrapper stk-block-column__content stk-container stk-5c49731-container stk--no-background stk--no-padding\"><div class=\"stk-block-content stk-inner-blocks stk-5c49731-inner-blocks\">\n<div class=\"wp-block-stackable-image stk-block-image stk-block stk-4b1be88 stk-entrance\" data-block-id=\"4b1be88\"><style>.stk-4b1be88 {--entrance-transform:translateX(48px) !important;}.stk-4b1be88 .stk-img-wrapper{height:300px !important;}<\/style><figure><span class=\"stk-img-wrapper stk-image--shape-stretch\"><img loading=\"lazy\" decoding=\"async\" class=\"stk-img wp-image-1351\" src=\"https:\/\/familyhotel.it\/wp-content\/uploads\/2025\/03\/photo_5931377547361240611_y.jpg\" width=\"1280\" height=\"854\" srcset=\"https:\/\/familyhotel.it\/wp-content\/uploads\/2025\/03\/photo_5931377547361240611_y.jpg 1280w, https:\/\/familyhotel.it\/wp-content\/uploads\/2025\/03\/photo_5931377547361240611_y-300x200.jpg 300w, https:\/\/familyhotel.it\/wp-content\/uploads\/2025\/03\/photo_5931377547361240611_y-1024x683.jpg 1024w, https:\/\/familyhotel.it\/wp-content\/uploads\/2025\/03\/photo_5931377547361240611_y-768x512.jpg 768w\" sizes=\"(max-width: 1280px) 100vw, 1280px\" \/><\/span><\/figure><\/div>\n<\/div><\/div><\/div>\n\n\n\n<div class=\"wp-block-stackable-column stk-block-column stk-column stk-block stk-76371e7\" data-v=\"4\" data-block-id=\"76371e7\"><style>.stk-76371e7-container{margin-top:0px !important;margin-right:0px !important;margin-bottom:0px !important;margin-left:0px !important;}<\/style><div class=\"stk-column-wrapper stk-block-column__content stk-container stk-76371e7-container stk--no-background stk--no-padding\"><div class=\"stk-block-content stk-inner-blocks stk-76371e7-inner-blocks\">\n<div class=\"wp-block-stackable-image stk-block-image stk-block stk-51c627a stk-entrance\" data-block-id=\"51c627a\"><style>.stk-51c627a {--entrance-transform:translateX(48px) !important;}.stk-51c627a .stk-img-wrapper{height:300px !important;}<\/style><figure><span class=\"stk-img-wrapper stk-image--shape-stretch\"><img loading=\"lazy\" decoding=\"async\" class=\"stk-img wp-image-1311\" src=\"https:\/\/familyhotel.it\/wp-content\/uploads\/2025\/03\/photo_5931377547361240601_y.jpg\" width=\"1280\" height=\"854\" srcset=\"https:\/\/familyhotel.it\/wp-content\/uploads\/2025\/03\/photo_5931377547361240601_y.jpg 1280w, https:\/\/familyhotel.it\/wp-content\/uploads\/2025\/03\/photo_5931377547361240601_y-300x200.jpg 300w, https:\/\/familyhotel.it\/wp-content\/uploads\/2025\/03\/photo_5931377547361240601_y-1024x683.jpg 1024w, https:\/\/familyhotel.it\/wp-content\/uploads\/2025\/03\/photo_5931377547361240601_y-768x512.jpg 768w\" sizes=\"(max-width: 1280px) 100vw, 1280px\" \/><\/span><\/figure><\/div>\n<\/div><\/div><\/div>\n<\/div><\/div>\n<\/div><\/div><\/div>\n<\/div><\/div>\n\n\n\n<div class=\"wp-block-stackable-text stk-block-text stk-block stk-527c924\" data-block-id=\"527c924\"><style>.stk-527c924 {top:-100px !important;}<\/style><p class=\"stk-block-text__text\"><\/p><\/div>\n\n\n\n<div class=\"wp-block-stackable-call-to-action alignfull stk-block-call-to-action stk-block stk-e29492f stk-block-background stk--has-background-overlay\" data-v=\"2\" data-block-id=\"e29492f\"><style>.stk-e29492f {background-color:#afafaf !important;background-image:url(https:\/\/familyhotel.it\/wp-content\/uploads\/2025\/03\/photo_5931377547361240600_y.jpg) !important;background-position:bottom right !important;background-blend-mode:color-burn !important;min-height:300px !important;align-items:center !important;display:flex !important;}.stk-e29492f:before{background-color:#afafaf !important;opacity:0.4 !important;}<\/style><div class=\"stk-block-call-to-action__content stk-content-align stk-e29492f-column alignwide stk-container stk-e29492f-container stk--no-background stk--no-padding\"><div class=\"has-text-align-right stk-block-content stk-inner-blocks stk-e29492f-inner-blocks\">\n<div class=\"wp-block-stackable-heading stk-block-heading stk-block-heading--v2 stk-block stk-5ea4b89\" id=\"pour-demander-des-informations-vous-pouvez-nous-contacter\" data-block-id=\"5ea4b89\"><style>.stk-5ea4b89 .stk-block-heading__text{font-size:40px !important;color:#FFFFFF !important;font-family:\"Lato\", Sans-serif !important;}@media screen and (max-width:999px){.stk-5ea4b89 .stk-block-heading__text{font-size:40px !important;}}<\/style><h3 class=\"stk-block-heading__text has-text-color has-white-color\">Pour demander des informations, vous pouvez nous contacter<\/h3><\/div>\n\n\n\n<div class=\"wp-block-stackable-button-group stk-block-button-group stk-block stk-dc06f04\" data-block-id=\"dc06f04\"><style>.stk-dc06f04 .stk-button-group{flex-direction:row !important;}@media screen and (max-width:999px){.stk-dc06f04 .stk-button-group{flex-direction:row !important;}}@media screen and (max-width:689px){.stk-dc06f04 .stk-button-group{flex-direction:row !important;}}<\/style><div class=\"stk-row stk-inner-blocks stk-block-content stk-button-group\">\n<div class=\"wp-block-stackable-button stk-block-button stk-block stk-c65f834\" data-block-id=\"c65f834\"><style>.stk-c65f834 .stk-button{padding-right:32px !important;padding-left:32px !important;background:#FFFFFF !important;border-top-left-radius:50px !important;border-top-right-radius:50px !important;border-bottom-right-radius:50px !important;border-bottom-left-radius:50px !important;}.stk-c65f834 .stk-button__inner-text{font-size:16px !important;color:#000000 !important;font-family:\"Merriweather\", Sans-serif !important;}@media screen and (max-width:999px){.stk-c65f834 .stk-button__inner-text{font-size:16px !important;}}<\/style><a class=\"stk-link stk-button stk--hover-effect-darken\" href=\"https:\/\/familyhotel.it\/fr\/contacts\/\"><span class=\"has-text-color has-black-color stk-button__inner-text\">Contactez-nous<\/span><\/a><\/div>\n<\/div><\/div>\n<\/div><\/div><\/div>\n","protected":false},"excerpt":{"rendered":"<p>trois-pi\u00e8ces Appartement de 40 m\u00b2 compos\u00e9 d&rsquo;une chambre matrimoniale, d&rsquo;une chambre avec un lit superpos\u00e9, d&rsquo;une chambre avec cuisine (avec possibilit\u00e9 d&rsquo;ajouter un lit simple). Les trois pi\u00e8ces ont chacune une entr\u00e9e ind\u00e9pendante et un balcon, et sont s\u00e9par\u00e9es par une porte int\u00e9rieure. De plus, il y a une grande salle de bains avec cabine [&hellip;]<\/p>\n","protected":false},"author":1,"featured_media":0,"parent":0,"menu_order":0,"comment_status":"closed","ping_status":"closed","template":"","meta":{"_acf_changed":false,"pgc_sgb_lightbox_settings":"","footnotes":""},"class_list":["post-1611","page","type-page","status-publish","hentry"],"blocksy_meta":{"has_hero_section":"disabled","styles_descriptor":{"styles":{"desktop":"","tablet":"","mobile":""},"google_fonts":[],"version":6}},"acf":[],"yoast_head":"<!-- This site is optimized with the Yoast SEO plugin v24.6 - https:\/\/yoast.com\/wordpress\/plugins\/seo\/ -->\n<title>trois-pi\u00e8ces - Hotel aurora<\/title>\n<meta name=\"robots\" content=\"index, follow, max-snippet:-1, max-image-preview:large, max-video-preview:-1\" \/>\n<link rel=\"canonical\" href=\"https:\/\/familyhotel.it\/fr\/trois-pieces\/\" \/>\n<meta property=\"og:locale\" content=\"fr_FR\" \/>\n<meta property=\"og:type\" content=\"article\" \/>\n<meta property=\"og:title\" content=\"trois-pi\u00e8ces - Hotel aurora\" \/>\n<meta property=\"og:description\" content=\"trois-pi\u00e8ces Appartement de 40 m\u00b2 compos\u00e9 d&rsquo;une chambre matrimoniale, d&rsquo;une chambre avec un lit superpos\u00e9, d&rsquo;une chambre avec cuisine (avec possibilit\u00e9 d&rsquo;ajouter un lit simple). Les trois pi\u00e8ces ont chacune une entr\u00e9e ind\u00e9pendante et un balcon, et sont s\u00e9par\u00e9es par une porte int\u00e9rieure. De plus, il y a une grande salle de bains avec cabine [&hellip;]\" \/>\n<meta property=\"og:url\" content=\"https:\/\/familyhotel.it\/fr\/trois-pieces\/\" \/>\n<meta property=\"og:site_name\" content=\"Hotel aurora\" \/>\n<meta property=\"article:modified_time\" content=\"2025-03-11T15:26:58+00:00\" \/>\n<meta property=\"og:image\" content=\"https:\/\/familyhotel.it\/wp-content\/uploads\/2025\/03\/photo_5931377547361240609_y.jpg\" \/>\n\t<meta property=\"og:image:width\" content=\"1280\" \/>\n\t<meta property=\"og:image:height\" content=\"854\" \/>\n\t<meta property=\"og:image:type\" content=\"image\/jpeg\" \/>\n<meta name=\"twitter:card\" content=\"summary_large_image\" \/>\n<meta name=\"twitter:label1\" content=\"Dur\u00e9e de lecture estim\u00e9e\" \/>\n\t<meta name=\"twitter:data1\" content=\"3 minutes\" \/>\n<!-- \/ Yoast SEO plugin. -->","yoast_head_json":{"title":"trois-pi\u00e8ces - Hotel aurora","robots":{"index":"index","follow":"follow","max-snippet":"max-snippet:-1","max-image-preview":"max-image-preview:large","max-video-preview":"max-video-preview:-1"},"canonical":"https:\/\/familyhotel.it\/fr\/trois-pieces\/","og_locale":"fr_FR","og_type":"article","og_title":"trois-pi\u00e8ces - Hotel aurora","og_description":"trois-pi\u00e8ces Appartement de 40 m\u00b2 compos\u00e9 d&rsquo;une chambre matrimoniale, d&rsquo;une chambre avec un lit superpos\u00e9, d&rsquo;une chambre avec cuisine (avec possibilit\u00e9 d&rsquo;ajouter un lit simple). Les trois pi\u00e8ces ont chacune une entr\u00e9e ind\u00e9pendante et un balcon, et sont s\u00e9par\u00e9es par une porte int\u00e9rieure. De plus, il y a une grande salle de bains avec cabine [&hellip;]","og_url":"https:\/\/familyhotel.it\/fr\/trois-pieces\/","og_site_name":"Hotel aurora","article_modified_time":"2025-03-11T15:26:58+00:00","og_image":[{"width":1280,"height":854,"url":"https:\/\/familyhotel.it\/wp-content\/uploads\/2025\/03\/photo_5931377547361240609_y.jpg","type":"image\/jpeg"}],"twitter_card":"summary_large_image","twitter_misc":{"Dur\u00e9e de lecture estim\u00e9e":"3 minutes"},"schema":{"@context":"https:\/\/schema.org","@graph":[{"@type":"WebPage","@id":"https:\/\/familyhotel.it\/fr\/trois-pieces\/","url":"https:\/\/familyhotel.it\/fr\/trois-pieces\/","name":"trois-pi\u00e8ces - Hotel aurora","isPartOf":{"@id":"https:\/\/familyhotel.it\/#website"},"primaryImageOfPage":{"@id":"https:\/\/familyhotel.it\/fr\/trois-pieces\/#primaryimage"},"image":{"@id":"https:\/\/familyhotel.it\/fr\/trois-pieces\/#primaryimage"},"thumbnailUrl":"https:\/\/familyhotel.it\/wp-content\/uploads\/2025\/03\/photo_5931377547361240609_y.jpg","datePublished":"2025-03-06T14:54:18+00:00","dateModified":"2025-03-11T15:26:58+00:00","breadcrumb":{"@id":"https:\/\/familyhotel.it\/fr\/trois-pieces\/#breadcrumb"},"inLanguage":"fr-FR","potentialAction":[{"@type":"ReadAction","target":["https:\/\/familyhotel.it\/fr\/trois-pieces\/"]}]},{"@type":"ImageObject","inLanguage":"fr-FR","@id":"https:\/\/familyhotel.it\/fr\/trois-pieces\/#primaryimage","url":"https:\/\/familyhotel.it\/wp-content\/uploads\/2025\/03\/photo_5931377547361240609_y.jpg","contentUrl":"https:\/\/familyhotel.it\/wp-content\/uploads\/2025\/03\/photo_5931377547361240609_y.jpg"},{"@type":"BreadcrumbList","@id":"https:\/\/familyhotel.it\/fr\/trois-pieces\/#breadcrumb","itemListElement":[{"@type":"ListItem","position":1,"name":"Home","item":"https:\/\/familyhotel.it\/fr\/"},{"@type":"ListItem","position":2,"name":"trois-pi\u00e8ces"}]},{"@type":"WebSite","@id":"https:\/\/familyhotel.it\/#website","url":"https:\/\/familyhotel.it\/","name":"Hotel aurora","description":"","publisher":{"@id":"https:\/\/familyhotel.it\/#organization"},"potentialAction":[{"@type":"SearchAction","target":{"@type":"EntryPoint","urlTemplate":"https:\/\/familyhotel.it\/?s={search_term_string}"},"query-input":{"@type":"PropertyValueSpecification","valueRequired":true,"valueName":"search_term_string"}}],"inLanguage":"fr-FR"},{"@type":"Organization","@id":"https:\/\/familyhotel.it\/#organization","name":"Hotel aurora","url":"https:\/\/familyhotel.it\/","logo":{"@type":"ImageObject","inLanguage":"fr-FR","@id":"https:\/\/familyhotel.it\/#\/schema\/logo\/image\/","url":"https:\/\/familyhotel.it\/wp-content\/uploads\/2025\/02\/logo-aurora_def1.png","contentUrl":"https:\/\/familyhotel.it\/wp-content\/uploads\/2025\/02\/logo-aurora_def1.png","width":199,"height":99,"caption":"Hotel aurora"},"image":{"@id":"https:\/\/familyhotel.it\/#\/schema\/logo\/image\/"}}]}},"_links":{"self":[{"href":"https:\/\/familyhotel.it\/fr\/wp-json\/wp\/v2\/pages\/1611","targetHints":{"allow":["GET"]}}],"collection":[{"href":"https:\/\/familyhotel.it\/fr\/wp-json\/wp\/v2\/pages"}],"about":[{"href":"https:\/\/familyhotel.it\/fr\/wp-json\/wp\/v2\/types\/page"}],"author":[{"embeddable":true,"href":"https:\/\/familyhotel.it\/fr\/wp-json\/wp\/v2\/users\/1"}],"replies":[{"embeddable":true,"href":"https:\/\/familyhotel.it\/fr\/wp-json\/wp\/v2\/comments?post=1611"}],"version-history":[{"count":1,"href":"https:\/\/familyhotel.it\/fr\/wp-json\/wp\/v2\/pages\/1611\/revisions"}],"predecessor-version":[{"id":1612,"href":"https:\/\/familyhotel.it\/fr\/wp-json\/wp\/v2\/pages\/1611\/revisions\/1612"}],"wp:attachment":[{"href":"https:\/\/familyhotel.it\/fr\/wp-json\/wp\/v2\/media?parent=1611"}],"curies":[{"name":"wp","href":"https:\/\/api.w.org\/{rel}","templated":true}]}}