{"id":1302,"date":"2025-03-06T09:37:29","date_gmt":"2025-03-06T09:37:29","guid":{"rendered":"https:\/\/familyhotel.it\/offres\/"},"modified":"2025-03-06T10:41:47","modified_gmt":"2025-03-06T10:41:47","slug":"offres","status":"publish","type":"page","link":"https:\/\/familyhotel.it\/fr\/offres\/","title":{"rendered":"offres"},"content":{"rendered":"\n<div class=\"offerte-container\"><div class=\"offerta\"><a href=\"https:\/\/familyhotel.it\/fr\/offerte\/nel-cuore-la-vacanza-nel-bagaglio-una-spiga-di-grano\/\"><p class=\"data-offerta\" style=\"font-size:0.9em; color:#999; margin-bottom:5px;\">Valable du 14\/06 au 28\/06\/2026<\/p><img fetchpriority=\"high\" decoding=\"async\" width=\"300\" height=\"200\" src=\"https:\/\/familyhotel.it\/wp-content\/uploads\/2026\/02\/trebbiatura-300x200.png\" class=\"offerta-img\" alt=\"Dans le c\u0153ur, les vacances ; dans les bagages, un \u00e9pi de bl\u00e9\" srcset=\"https:\/\/familyhotel.it\/wp-content\/uploads\/2026\/02\/trebbiatura-300x200.png 300w, https:\/\/familyhotel.it\/wp-content\/uploads\/2026\/02\/trebbiatura-1024x683.png 1024w, https:\/\/familyhotel.it\/wp-content\/uploads\/2026\/02\/trebbiatura-768x512.png 768w, https:\/\/familyhotel.it\/wp-content\/uploads\/2026\/02\/trebbiatura.png 1536w\" sizes=\"(max-width: 300px) 100vw, 300px\" \/><h3>Dans le c\u0153ur, les vacances ; dans les bagages, un \u00e9pi de bl\u00e9<\/h3><p>Qu\u2019est-ce que cela inclut ? Ce que comprend l\u2019offre L\u2019offre \u00ab \u00c9milie-Romagne : la mer n\u2019est que le d\u00e9but \u00bb...<\/p><\/a><\/div><div class=\"offerta\"><a href=\"https:\/\/familyhotel.it\/fr\/offerte\/le-vacanze-che-i-bambini-ricorderanno-da-grandi\/\"><p class=\"data-offerta\" style=\"font-size:0.9em; color:#999; margin-bottom:5px;\">Valable du 04\/05 au 31\/10\/2026<\/p><img decoding=\"async\" width=\"300\" height=\"200\" src=\"https:\/\/familyhotel.it\/wp-content\/uploads\/2026\/02\/Emilia-Romagna-Misano-vacanze-300x200.png\" class=\"offerta-img\" alt=\"Les vacances dont les enfants se souviendront une fois grands !\" srcset=\"https:\/\/familyhotel.it\/wp-content\/uploads\/2026\/02\/Emilia-Romagna-Misano-vacanze-300x200.png 300w, https:\/\/familyhotel.it\/wp-content\/uploads\/2026\/02\/Emilia-Romagna-Misano-vacanze-1024x683.png 1024w, https:\/\/familyhotel.it\/wp-content\/uploads\/2026\/02\/Emilia-Romagna-Misano-vacanze-768x512.png 768w, https:\/\/familyhotel.it\/wp-content\/uploads\/2026\/02\/Emilia-Romagna-Misano-vacanze.png 1536w\" sizes=\"(max-width: 300px) 100vw, 300px\" \/><h3>Les vacances dont les enfants se souviendront une fois grands !<\/h3><p>Qu\u2019est-ce que cela inclut ? L\u2019offre \u00ab \u00c9milie-Romagne : la mer n\u2019est que le d\u00e9but \u00bb propose des vacances flexibles...<\/p><\/a><\/div><div class=\"offerta\"><a href=\"https:\/\/familyhotel.it\/fr\/offerte\/apiario-del-benessere\/\"><img decoding=\"async\" width=\"300\" height=\"200\" src=\"https:\/\/familyhotel.it\/wp-content\/uploads\/2025\/03\/ape-che-lavora-riempiendo-i-favi-del-miele-1-300x200.jpg\" class=\"offerta-img\" alt=\"RUCHER DU BIEN-\u00caTRE\" \/><h3>RUCHER DU BIEN-\u00caTRE<\/h3><p>Apiaroma, profitez des senteurs de la ruche riches en r\u00e9sines et huiles essentielles pour le bien-\u00eatre de tout le syst\u00e8me...<\/p><\/a><\/div><div class=\"offerta\"><a href=\"https:\/\/familyhotel.it\/fr\/offerte\/adotta-uno-o-piu-alberi-per-rendere-unico-il-tuo-matrimonio\/\"><img loading=\"lazy\" decoding=\"async\" width=\"300\" height=\"200\" src=\"https:\/\/familyhotel.it\/wp-content\/uploads\/2025\/03\/19a5031f-30f8-41a5-8a09-85ebdad3f7fb-300x200.webp\" class=\"offerta-img\" alt=\"Adoptez un ou plusieurs arbres pour rendre votre mariage unique\" \/><h3>Adoptez un ou plusieurs arbres pour rendre votre mariage unique<\/h3><p>Adopter un olivier pour produire de l\u2019huile \u00e0 utiliser dans vos cadeaux de mariage est une fa\u00e7on unique de rendre...<\/p><\/a><\/div><div class=\"offerta\"><a href=\"https:\/\/familyhotel.it\/fr\/offerte\/adotta-un-albero-di-olivo-per-la-tua-famiglia\/\"><img loading=\"lazy\" decoding=\"async\" width=\"300\" height=\"200\" src=\"https:\/\/familyhotel.it\/wp-content\/uploads\/2025\/03\/cover-articolo-frutti2-300x200.jpg\" class=\"offerta-img\" alt=\"Adoptez un olivier pour votre famille\" \/><h3>Adoptez un olivier pour votre famille<\/h3><p>Si vous r\u00e9servez vos vacances dans les trois jours, vous aurez la possibilit\u00e9 d&rsquo;adopter un olivier, ce qui signifie que...<\/p><\/a><\/div><div class=\"offerta\"><a href=\"https:\/\/familyhotel.it\/fr\/offerte\/le-vacanze-ribelli-senza-vincoli-e-ora\/\"><img loading=\"lazy\" decoding=\"async\" width=\"267\" height=\"200\" src=\"https:\/\/familyhotel.it\/wp-content\/uploads\/2025\/03\/pezzo-di-costa-del-monte.jpg\" class=\"offerta-img\" alt=\"Rebel Fr\u00eddagar uttan tvingsil og n\u00fa\" srcset=\"https:\/\/familyhotel.it\/wp-content\/uploads\/2025\/03\/pezzo-di-costa-del-monte.jpg 800w, https:\/\/familyhotel.it\/wp-content\/uploads\/2025\/03\/pezzo-di-costa-del-monte-300x225.jpg 300w, https:\/\/familyhotel.it\/wp-content\/uploads\/2025\/03\/pezzo-di-costa-del-monte-768x576.jpg 768w\" sizes=\"(max-width: 267px) 100vw, 267px\" \/><h3>Rebel Fr\u00eddagar uttan tvingsil og n\u00fa<\/h3><p>Eitt vikuskifti \u00ed B&amp;B vi\u00f0ger\u00f0 fer at loyva t\u00e6r at nj\u00f3ta avslappning og komfort, me\u00f0an n\u00fdtslan av b\u00e1tinum til leigu...<\/p><\/a><\/div><div class=\"offerta\"><a href=\"https:\/\/familyhotel.it\/fr\/offerte\/offerte-di-giugno\/\"><img loading=\"lazy\" decoding=\"async\" width=\"283\" height=\"200\" src=\"https:\/\/familyhotel.it\/wp-content\/uploads\/2025\/03\/generico-2018-667704.610x431.jpg\" class=\"offerta-img\" alt=\"Vacances \u00e0 l&#039;H\u00f4tel Aurora \u00e0 Misano Adriatico en pension compl\u00e8te et ap\u00e9ritif typique\" srcset=\"https:\/\/familyhotel.it\/wp-content\/uploads\/2025\/03\/generico-2018-667704.610x431.jpg 610w, https:\/\/familyhotel.it\/wp-content\/uploads\/2025\/03\/generico-2018-667704.610x431-300x212.jpg 300w\" sizes=\"(max-width: 283px) 100vw, 283px\" \/><h3>Vacances \u00e0 l&#039;H\u00f4tel Aurora \u00e0 Misano Adriatico en pension compl\u00e8te et ap\u00e9ritif typique<\/h3><p>Misano Adriatico est une destination id\u00e9ale pour des vacances plac\u00e9es sous le signe de la d\u00e9tente et de la bonne...<\/p><\/a><\/div><div class=\"offerta\"><a href=\"https:\/\/familyhotel.it\/fr\/offerte\/combinazione-di-mare-e-entroterra\/\"><img loading=\"lazy\" decoding=\"async\" width=\"300\" height=\"154\" src=\"https:\/\/familyhotel.it\/wp-content\/uploads\/2025\/03\/Immagine-2025-03-18-173830.png\" class=\"offerta-img\" alt=\"Combinaison de mer et d&#039;arri\u00e8re-pays !\" srcset=\"https:\/\/familyhotel.it\/wp-content\/uploads\/2025\/03\/Immagine-2025-03-18-173830.png 2163w, https:\/\/familyhotel.it\/wp-content\/uploads\/2025\/03\/Immagine-2025-03-18-173830-300x154.png 300w, https:\/\/familyhotel.it\/wp-content\/uploads\/2025\/03\/Immagine-2025-03-18-173830-1024x524.png 1024w, https:\/\/familyhotel.it\/wp-content\/uploads\/2025\/03\/Immagine-2025-03-18-173830-768x393.png 768w, https:\/\/familyhotel.it\/wp-content\/uploads\/2025\/03\/Immagine-2025-03-18-173830-1536x786.png 1536w, https:\/\/familyhotel.it\/wp-content\/uploads\/2025\/03\/Immagine-2025-03-18-173830-2048x1048.png 2048w\" sizes=\"(max-width: 300px) 100vw, 300px\" \/><h3>Combinaison de mer et d&#039;arri\u00e8re-pays !<\/h3><p>Un m\u00e9lange entre, Mer, campagne, tant, tant d&rsquo;envie de savourer en Relax entre les vagues de la mer et le...<\/p><\/a><\/div><div class=\"offerta\"><a href=\"https:\/\/familyhotel.it\/fr\/offerte\/unesperienza-indimenticabile-giornata-di-relax-a-misano-adriatico-con-avventura-nellentroterra-romagnolo\/\"><img loading=\"lazy\" decoding=\"async\" width=\"267\" height=\"200\" src=\"https:\/\/familyhotel.it\/wp-content\/uploads\/2025\/03\/Misano_Adriatico-RN-darsena_misano-ph.Enrico_Siboni-cc_by_sa_30.jpg\" class=\"offerta-img\" alt=\"Journ\u00e9e de d\u00e9tente \u00e0 Misano Adriatico avec aventure dans l&#039;arri\u00e8re-pays romagnol \u00bb \" srcset=\"https:\/\/familyhotel.it\/wp-content\/uploads\/2025\/03\/Misano_Adriatico-RN-darsena_misano-ph.Enrico_Siboni-cc_by_sa_30.jpg 1200w, https:\/\/familyhotel.it\/wp-content\/uploads\/2025\/03\/Misano_Adriatico-RN-darsena_misano-ph.Enrico_Siboni-cc_by_sa_30-300x225.jpg 300w, https:\/\/familyhotel.it\/wp-content\/uploads\/2025\/03\/Misano_Adriatico-RN-darsena_misano-ph.Enrico_Siboni-cc_by_sa_30-1024x768.jpg 1024w, https:\/\/familyhotel.it\/wp-content\/uploads\/2025\/03\/Misano_Adriatico-RN-darsena_misano-ph.Enrico_Siboni-cc_by_sa_30-768x576.jpg 768w\" sizes=\"(max-width: 267px) 100vw, 267px\" \/><h3>Journ\u00e9e de d\u00e9tente \u00e0 Misano Adriatico avec aventure dans l&#039;arri\u00e8re-pays romagnol \u00bb <\/h3><p>Sur la mer de Misano Adriatico, parfait pour les familles, les couples et les amis. Profitez d&rsquo;une journ\u00e9e de d\u00e9tente,...<\/p><\/a><\/div><\/div>\n","protected":false},"excerpt":{"rendered":"","protected":false},"author":1,"featured_media":0,"parent":0,"menu_order":0,"comment_status":"closed","ping_status":"closed","template":"","meta":{"_acf_changed":false,"pgc_sgb_lightbox_settings":"","footnotes":""},"class_list":["post-1302","page","type-page","status-publish","hentry"],"blocksy_meta":[],"acf":[],"yoast_head":"<!-- This site is optimized with the Yoast SEO plugin v24.6 - https:\/\/yoast.com\/wordpress\/plugins\/seo\/ -->\n<title>offres - Hotel aurora<\/title>\n<meta name=\"robots\" content=\"index, follow, max-snippet:-1, max-image-preview:large, max-video-preview:-1\" \/>\n<link rel=\"canonical\" href=\"https:\/\/familyhotel.it\/fr\/offres\/\" \/>\n<meta property=\"og:locale\" content=\"fr_FR\" \/>\n<meta property=\"og:type\" content=\"article\" \/>\n<meta property=\"og:title\" content=\"offres - Hotel aurora\" \/>\n<meta property=\"og:url\" content=\"https:\/\/familyhotel.it\/fr\/offres\/\" \/>\n<meta property=\"og:site_name\" content=\"Hotel aurora\" \/>\n<meta property=\"article:modified_time\" content=\"2025-03-06T10:41:47+00:00\" \/>\n<meta name=\"twitter:card\" content=\"summary_large_image\" \/>\n<!-- \/ Yoast SEO plugin. -->","yoast_head_json":{"title":"offres - Hotel aurora","robots":{"index":"index","follow":"follow","max-snippet":"max-snippet:-1","max-image-preview":"max-image-preview:large","max-video-preview":"max-video-preview:-1"},"canonical":"https:\/\/familyhotel.it\/fr\/offres\/","og_locale":"fr_FR","og_type":"article","og_title":"offres - Hotel aurora","og_url":"https:\/\/familyhotel.it\/fr\/offres\/","og_site_name":"Hotel aurora","article_modified_time":"2025-03-06T10:41:47+00:00","twitter_card":"summary_large_image","schema":{"@context":"https:\/\/schema.org","@graph":[{"@type":"WebPage","@id":"https:\/\/familyhotel.it\/fr\/offres\/","url":"https:\/\/familyhotel.it\/fr\/offres\/","name":"offres - Hotel aurora","isPartOf":{"@id":"https:\/\/familyhotel.it\/#website"},"datePublished":"2025-03-06T09:37:29+00:00","dateModified":"2025-03-06T10:41:47+00:00","breadcrumb":{"@id":"https:\/\/familyhotel.it\/fr\/offres\/#breadcrumb"},"inLanguage":"fr-FR","potentialAction":[{"@type":"ReadAction","target":["https:\/\/familyhotel.it\/fr\/offres\/"]}]},{"@type":"BreadcrumbList","@id":"https:\/\/familyhotel.it\/fr\/offres\/#breadcrumb","itemListElement":[{"@type":"ListItem","position":1,"name":"Home","item":"https:\/\/familyhotel.it\/fr\/"},{"@type":"ListItem","position":2,"name":"offres"}]},{"@type":"WebSite","@id":"https:\/\/familyhotel.it\/#website","url":"https:\/\/familyhotel.it\/","name":"Hotel aurora","description":"","publisher":{"@id":"https:\/\/familyhotel.it\/#organization"},"potentialAction":[{"@type":"SearchAction","target":{"@type":"EntryPoint","urlTemplate":"https:\/\/familyhotel.it\/?s={search_term_string}"},"query-input":{"@type":"PropertyValueSpecification","valueRequired":true,"valueName":"search_term_string"}}],"inLanguage":"fr-FR"},{"@type":"Organization","@id":"https:\/\/familyhotel.it\/#organization","name":"Hotel aurora","url":"https:\/\/familyhotel.it\/","logo":{"@type":"ImageObject","inLanguage":"fr-FR","@id":"https:\/\/familyhotel.it\/#\/schema\/logo\/image\/","url":"https:\/\/familyhotel.it\/wp-content\/uploads\/2025\/02\/logo-aurora_def1.png","contentUrl":"https:\/\/familyhotel.it\/wp-content\/uploads\/2025\/02\/logo-aurora_def1.png","width":199,"height":99,"caption":"Hotel aurora"},"image":{"@id":"https:\/\/familyhotel.it\/#\/schema\/logo\/image\/"}}]}},"_links":{"self":[{"href":"https:\/\/familyhotel.it\/fr\/wp-json\/wp\/v2\/pages\/1302","targetHints":{"allow":["GET"]}}],"collection":[{"href":"https:\/\/familyhotel.it\/fr\/wp-json\/wp\/v2\/pages"}],"about":[{"href":"https:\/\/familyhotel.it\/fr\/wp-json\/wp\/v2\/types\/page"}],"author":[{"embeddable":true,"href":"https:\/\/familyhotel.it\/fr\/wp-json\/wp\/v2\/users\/1"}],"replies":[{"embeddable":true,"href":"https:\/\/familyhotel.it\/fr\/wp-json\/wp\/v2\/comments?post=1302"}],"version-history":[{"count":1,"href":"https:\/\/familyhotel.it\/fr\/wp-json\/wp\/v2\/pages\/1302\/revisions"}],"predecessor-version":[{"id":1303,"href":"https:\/\/familyhotel.it\/fr\/wp-json\/wp\/v2\/pages\/1302\/revisions\/1303"}],"wp:attachment":[{"href":"https:\/\/familyhotel.it\/fr\/wp-json\/wp\/v2\/media?parent=1302"}],"curies":[{"name":"wp","href":"https:\/\/api.w.org\/{rel}","templated":true}]}}