{"id":2005,"date":"2025-03-21T11:07:32","date_gmt":"2025-03-21T11:07:32","guid":{"rendered":"https:\/\/familyhotel.it\/?page_id=2005"},"modified":"2025-03-21T11:23:22","modified_gmt":"2025-03-21T11:23:22","slug":"angebote-infos","status":"publish","type":"page","link":"https:\/\/familyhotel.it\/de\/angebote-infos\/","title":{"rendered":"Angebote Infos"},"content":{"rendered":"<div class=\"wpforms-container wpforms-render-modern\" id=\"wpforms-1475\"><form id=\"wpforms-form-1475\" class=\"wpforms-validate wpforms-form\" data-formid=\"1475\" method=\"post\" enctype=\"multipart\/form-data\" action=\"\/de\/wp-json\/wp\/v2\/pages\/2005\" data-token=\"5a5ae940c122897e9d5ed20cd42ca5f6\" data-token-time=\"1775661879\"><noscript class=\"wpforms-error-noscript\">Bitte aktiviere JavaScript in deinem Browser, um dieses Formular fertigzustellen.<\/noscript><div class=\"wpforms-hidden\" id=\"wpforms-error-noscript\">Bitte aktiviere JavaScript in deinem Browser, um dieses Formular fertigzustellen.<\/div><div class=\"wpforms-field-container\"><div id=\"wpforms-1475-field_6-container\" class=\"wpforms-field wpforms-field-select wpforms-field-select-style-classic\" data-field-id=\"6\"><label class=\"wpforms-field-label\" for=\"wpforms-1475-field_6\">W\u00e4hlen Sie das Angebot aus, f\u00fcr das Sie Unterst\u00fctzung ben\u00f6tigen<\/label><select id=\"wpforms-1475-field_6\" class=\"wpforms-field-medium\" name=\"wpforms[fields][6]\"><option value=\"Entspannender Tag in Misano Adriatico mit Abenteuer im Hinterland der Romagna\u201cEntspannender Tag in Misano Adriatico mit Abenteuer im Hinterland der Romagna\" >Entspannender Tag in Misano Adriatico mit Abenteuer im Hinterland der Romagna\u201cEntspannender Tag in Misano Adriatico mit Abenteuer im Hinterland der Romagna<\/option><option value=\"Kombination aus Meer und Hinterland!\" >Kombination aus Meer und Hinterland!<\/option><option value=\"Urlaub im Hotel Aurora in Misano Adriatico mit Vollpension und typischem Aperitif\" >Urlaub im Hotel Aurora in Misano Adriatico mit Vollpension und typischem Aperitif<\/option><option value=\"Rebel Holidays ohne Einschr\u00e4nkungen und jetzt\" >Rebel Holidays ohne Einschr\u00e4nkungen und jetzt<\/option><option value=\"Adoptieren Sie einen Olivenbaum f\u00fcr Ihre Familie\" >Adoptieren Sie einen Olivenbaum f\u00fcr Ihre Familie<\/option><option value=\"Adoptieren Sie einen oder mehrere B\u00e4ume, um Ihre Hochzeit einzigartig zu machen\" >Adoptieren Sie einen oder mehrere B\u00e4ume, um Ihre Hochzeit einzigartig zu machen<\/option><option value=\"Bienenhaus des Wohlbefindens\" >Bienenhaus des Wohlbefindens<\/option><\/select><\/div><div id=\"wpforms-1475-field_0-container\" class=\"wpforms-field wpforms-field-name\" data-field-id=\"0\"><fieldset><legend class=\"wpforms-field-label\">Vorname und Nachname <span class=\"wpforms-required-label\" aria-hidden=\"true\">*<\/span><\/legend><div class=\"wpforms-field-row wpforms-field-large\"><div class=\"wpforms-field-row-block wpforms-first wpforms-one-half\"><input type=\"text\" id=\"wpforms-1475-field_0\" class=\"wpforms-field-name-first wpforms-field-required\" name=\"wpforms[fields][0][first]\" aria-errormessage=\"wpforms-1475-field_0-error\" required><label for=\"wpforms-1475-field_0\" class=\"wpforms-field-sublabel after wpforms-sublabel-hide\">Vorname<\/label><\/div><div class=\"wpforms-field-row-block wpforms-one-half\"><input type=\"text\" id=\"wpforms-1475-field_0-last\" class=\"wpforms-field-name-last wpforms-field-required\" name=\"wpforms[fields][0][last]\" aria-errormessage=\"wpforms-1475-field_0-last-error\" required><label for=\"wpforms-1475-field_0-last\" class=\"wpforms-field-sublabel after wpforms-sublabel-hide\">Nachname<\/label><\/div><\/div><\/fieldset><\/div><div id=\"wpforms-1475-field_4-container\" class=\"wpforms-field wpforms-field-text\" data-field-id=\"4\"><label class=\"wpforms-field-label\" for=\"wpforms-1475-field_4\">Telefon <span class=\"wpforms-required-label\" aria-hidden=\"true\">*<\/span><\/label><input type=\"text\" id=\"wpforms-1475-field_4\" class=\"wpforms-field-large wpforms-field-required\" name=\"wpforms[fields][4]\" aria-errormessage=\"wpforms-1475-field_4-error\" required><\/div><div id=\"wpforms-1475-field_1-container\" class=\"wpforms-field wpforms-field-email\" data-field-id=\"1\"><label class=\"wpforms-field-label\" for=\"wpforms-1475-field_1\">E-Mail-Adresse <span class=\"wpforms-required-label\" aria-hidden=\"true\">*<\/span><\/label><input type=\"email\" id=\"wpforms-1475-field_1\" class=\"wpforms-field-large wpforms-field-required\" name=\"wpforms[fields][1]\" spellcheck=\"false\" aria-errormessage=\"wpforms-1475-field_1-error\" required><\/div><div id=\"wpforms-1475-field_2-container\" class=\"wpforms-field wpforms-field-textarea\" data-field-id=\"2\"><label class=\"wpforms-field-label\" for=\"wpforms-1475-field_2\">Nachricht <span class=\"wpforms-required-label\" aria-hidden=\"true\">*<\/span><\/label><textarea id=\"wpforms-1475-field_2\" class=\"wpforms-field-large wpforms-field-required\" name=\"wpforms[fields][2]\" placeholder=\"Geben Sie die Nachricht ein\" aria-errormessage=\"wpforms-1475-field_2-error\" required><\/textarea><\/div><\/div><!-- .wpforms-field-container --><div class=\"wpforms-recaptcha-container wpforms-is-recaptcha wpforms-is-recaptcha-type-v2\" ><div class=\"g-recaptcha\" data-sitekey=\"6LfBTCArAAAAAM_Y9MS-UzlrxaPBBo32hqFPDzLc\"><\/div><input type=\"text\" name=\"g-recaptcha-hidden\" class=\"wpforms-recaptcha-hidden\" style=\"position:absolute!important;clip:rect(0,0,0,0)!important;height:1px!important;width:1px!important;border:0!important;overflow:hidden!important;padding:0!important;margin:0!important;\" data-rule-recaptcha=\"1\"><\/div><div class=\"wpforms-submit-container\" ><input type=\"hidden\" name=\"wpforms[id]\" value=\"1475\"><input type=\"hidden\" name=\"page_title\" value=\"\"><input type=\"hidden\" name=\"page_url\" value=\"https:\/\/familyhotel.it\/de\/wp-json\/wp\/v2\/pages\/2005\"><button type=\"submit\" name=\"wpforms[submit]\" id=\"wpforms-submit-1475\" class=\"wpforms-submit\" data-alt-text=\"Senden\" data-submit-text=\"Nachricht senden\" aria-live=\"assertive\" value=\"wpforms-submit\">Nachricht senden<\/button><\/div><\/form><\/div>  <!-- .wpforms-container -->\n","protected":false},"excerpt":{"rendered":"","protected":false},"author":1,"featured_media":0,"parent":0,"menu_order":0,"comment_status":"closed","ping_status":"closed","template":"","meta":{"_acf_changed":false,"pgc_sgb_lightbox_settings":"","footnotes":""},"class_list":["post-2005","page","type-page","status-publish","hentry"],"blocksy_meta":[],"acf":[],"yoast_head":"<!-- This site is optimized with the Yoast SEO plugin v24.6 - https:\/\/yoast.com\/wordpress\/plugins\/seo\/ -->\n<title>Angebote Infos - Hotel aurora<\/title>\n<meta name=\"robots\" content=\"index, follow, max-snippet:-1, max-image-preview:large, max-video-preview:-1\" \/>\n<link rel=\"canonical\" href=\"https:\/\/familyhotel.it\/de\/angebote-infos\/\" \/>\n<meta property=\"og:locale\" content=\"de_DE\" \/>\n<meta property=\"og:type\" content=\"article\" \/>\n<meta property=\"og:title\" content=\"Angebote Infos - Hotel aurora\" \/>\n<meta property=\"og:url\" content=\"https:\/\/familyhotel.it\/de\/angebote-infos\/\" \/>\n<meta property=\"og:site_name\" content=\"Hotel aurora\" \/>\n<meta property=\"article:modified_time\" content=\"2025-03-21T11:23:22+00:00\" \/>\n<meta name=\"twitter:card\" content=\"summary_large_image\" \/>\n<meta name=\"twitter:label1\" content=\"Gesch\u00e4tzte Lesezeit\" \/>\n\t<meta name=\"twitter:data1\" content=\"1\u00a0Minute\" \/>\n<!-- \/ Yoast SEO plugin. -->","yoast_head_json":{"title":"Angebote Infos - Hotel aurora","robots":{"index":"index","follow":"follow","max-snippet":"max-snippet:-1","max-image-preview":"max-image-preview:large","max-video-preview":"max-video-preview:-1"},"canonical":"https:\/\/familyhotel.it\/de\/angebote-infos\/","og_locale":"de_DE","og_type":"article","og_title":"Angebote Infos - Hotel aurora","og_url":"https:\/\/familyhotel.it\/de\/angebote-infos\/","og_site_name":"Hotel aurora","article_modified_time":"2025-03-21T11:23:22+00:00","twitter_card":"summary_large_image","twitter_misc":{"Gesch\u00e4tzte Lesezeit":"1\u00a0Minute"},"schema":{"@context":"https:\/\/schema.org","@graph":[{"@type":"WebPage","@id":"https:\/\/familyhotel.it\/de\/angebote-infos\/","url":"https:\/\/familyhotel.it\/de\/angebote-infos\/","name":"Angebote Infos - Hotel aurora","isPartOf":{"@id":"https:\/\/familyhotel.it\/#website"},"datePublished":"2025-03-21T11:07:32+00:00","dateModified":"2025-03-21T11:23:22+00:00","breadcrumb":{"@id":"https:\/\/familyhotel.it\/de\/angebote-infos\/#breadcrumb"},"inLanguage":"de","potentialAction":[{"@type":"ReadAction","target":["https:\/\/familyhotel.it\/de\/angebote-infos\/"]}]},{"@type":"BreadcrumbList","@id":"https:\/\/familyhotel.it\/de\/angebote-infos\/#breadcrumb","itemListElement":[{"@type":"ListItem","position":1,"name":"Home","item":"https:\/\/familyhotel.it\/de\/"},{"@type":"ListItem","position":2,"name":"Angebote Infos"}]},{"@type":"WebSite","@id":"https:\/\/familyhotel.it\/#website","url":"https:\/\/familyhotel.it\/","name":"Hotel aurora","description":"","publisher":{"@id":"https:\/\/familyhotel.it\/#organization"},"potentialAction":[{"@type":"SearchAction","target":{"@type":"EntryPoint","urlTemplate":"https:\/\/familyhotel.it\/?s={search_term_string}"},"query-input":{"@type":"PropertyValueSpecification","valueRequired":true,"valueName":"search_term_string"}}],"inLanguage":"de"},{"@type":"Organization","@id":"https:\/\/familyhotel.it\/#organization","name":"Hotel aurora","url":"https:\/\/familyhotel.it\/","logo":{"@type":"ImageObject","inLanguage":"de","@id":"https:\/\/familyhotel.it\/#\/schema\/logo\/image\/","url":"https:\/\/familyhotel.it\/wp-content\/uploads\/2025\/02\/logo-aurora_def1.png","contentUrl":"https:\/\/familyhotel.it\/wp-content\/uploads\/2025\/02\/logo-aurora_def1.png","width":199,"height":99,"caption":"Hotel aurora"},"image":{"@id":"https:\/\/familyhotel.it\/#\/schema\/logo\/image\/"}}]}},"_links":{"self":[{"href":"https:\/\/familyhotel.it\/de\/wp-json\/wp\/v2\/pages\/2005","targetHints":{"allow":["GET"]}}],"collection":[{"href":"https:\/\/familyhotel.it\/de\/wp-json\/wp\/v2\/pages"}],"about":[{"href":"https:\/\/familyhotel.it\/de\/wp-json\/wp\/v2\/types\/page"}],"author":[{"embeddable":true,"href":"https:\/\/familyhotel.it\/de\/wp-json\/wp\/v2\/users\/1"}],"replies":[{"embeddable":true,"href":"https:\/\/familyhotel.it\/de\/wp-json\/wp\/v2\/comments?post=2005"}],"version-history":[{"count":1,"href":"https:\/\/familyhotel.it\/de\/wp-json\/wp\/v2\/pages\/2005\/revisions"}],"predecessor-version":[{"id":2006,"href":"https:\/\/familyhotel.it\/de\/wp-json\/wp\/v2\/pages\/2005\/revisions\/2006"}],"wp:attachment":[{"href":"https:\/\/familyhotel.it\/de\/wp-json\/wp\/v2\/media?parent=2005"}],"curies":[{"name":"wp","href":"https:\/\/api.w.org\/{rel}","templated":true}]}}