{"id":1304,"date":"2025-03-06T09:37:29","date_gmt":"2025-03-06T09:37:29","guid":{"rendered":"https:\/\/familyhotel.it\/angebote\/"},"modified":"2025-03-06T10:41:47","modified_gmt":"2025-03-06T10:41:47","slug":"angebote","status":"publish","type":"page","link":"https:\/\/familyhotel.it\/de\/angebote\/","title":{"rendered":"Angebote"},"content":{"rendered":"\n<div class=\"offerte-container\"><div class=\"offerta\"><a href=\"https:\/\/familyhotel.it\/de\/offerte\/nel-cuore-la-vacanza-nel-bagaglio-una-spiga-di-grano\/\"><p class=\"data-offerta\" style=\"font-size:0.9em; color:#999; margin-bottom:5px;\">G\u00fcltig vom 14.06. bis 28.06.2026<\/p><img fetchpriority=\"high\" decoding=\"async\" width=\"300\" height=\"200\" src=\"https:\/\/familyhotel.it\/wp-content\/uploads\/2026\/02\/trebbiatura-300x200.png\" class=\"offerta-img\" alt=\"Im Herzen der Urlaub, im Gep\u00e4ck eine Weizen\u00e4hre\" srcset=\"https:\/\/familyhotel.it\/wp-content\/uploads\/2026\/02\/trebbiatura-300x200.png 300w, https:\/\/familyhotel.it\/wp-content\/uploads\/2026\/02\/trebbiatura-1024x683.png 1024w, https:\/\/familyhotel.it\/wp-content\/uploads\/2026\/02\/trebbiatura-768x512.png 768w, https:\/\/familyhotel.it\/wp-content\/uploads\/2026\/02\/trebbiatura.png 1536w\" sizes=\"(max-width: 300px) 100vw, 300px\" \/><h3>Im Herzen der Urlaub, im Gep\u00e4ck eine Weizen\u00e4hre<\/h3><p>Was ist enthalten? Was das Angebot umfasst Das Angebot \u201eEmilia-Romagna: Das Meer ist nur der Anfang\u201c bietet einen flexiblen und...<\/p><\/a><\/div><div class=\"offerta\"><a href=\"https:\/\/familyhotel.it\/de\/offerte\/le-vacanze-che-i-bambini-ricorderanno-da-grandi\/\"><p class=\"data-offerta\" style=\"font-size:0.9em; color:#999; margin-bottom:5px;\">G\u00fcltig vom 04.05. bis 31.10.2026<\/p><img decoding=\"async\" width=\"300\" height=\"200\" src=\"https:\/\/familyhotel.it\/wp-content\/uploads\/2026\/02\/Emilia-Romagna-Misano-vacanze-300x200.png\" class=\"offerta-img\" alt=\"Der Urlaub, an den sich Kinder erinnern werden, wenn sie gro\u00df sind!\" srcset=\"https:\/\/familyhotel.it\/wp-content\/uploads\/2026\/02\/Emilia-Romagna-Misano-vacanze-300x200.png 300w, https:\/\/familyhotel.it\/wp-content\/uploads\/2026\/02\/Emilia-Romagna-Misano-vacanze-1024x683.png 1024w, https:\/\/familyhotel.it\/wp-content\/uploads\/2026\/02\/Emilia-Romagna-Misano-vacanze-768x512.png 768w, https:\/\/familyhotel.it\/wp-content\/uploads\/2026\/02\/Emilia-Romagna-Misano-vacanze.png 1536w\" sizes=\"(max-width: 300px) 100vw, 300px\" \/><h3>Der Urlaub, an den sich Kinder erinnern werden, wenn sie gro\u00df sind!<\/h3><p>Was ist enthalten? Das Angebot \u201eEmilia-Romagna: Das Meer ist nur der Anfang\u201c bietet einen flexiblen und individuell gestaltbaren Urlaub, der...<\/p><\/a><\/div><div class=\"offerta\"><a href=\"https:\/\/familyhotel.it\/de\/offerte\/apiario-del-benessere\/\"><img decoding=\"async\" width=\"300\" height=\"200\" src=\"https:\/\/familyhotel.it\/wp-content\/uploads\/2025\/03\/ape-che-lavora-riempiendo-i-favi-del-miele-1-300x200.jpg\" class=\"offerta-img\" alt=\"Bienenhaus des Wohlbefindens\" \/><h3>Bienenhaus des Wohlbefindens<\/h3><p>Apiaroma, profitieren Sie von den D\u00fcften des Bienenstocks, reich an Harzen und \u00e4therischen \u00d6len f\u00fcr das Wohlbefinden der gesamten Atemwege...<\/p><\/a><\/div><div class=\"offerta\"><a href=\"https:\/\/familyhotel.it\/de\/offerte\/adotta-uno-o-piu-alberi-per-rendere-unico-il-tuo-matrimonio\/\"><img loading=\"lazy\" decoding=\"async\" width=\"300\" height=\"200\" src=\"https:\/\/familyhotel.it\/wp-content\/uploads\/2025\/03\/19a5031f-30f8-41a5-8a09-85ebdad3f7fb-300x200.webp\" class=\"offerta-img\" alt=\"Adoptieren Sie einen oder mehrere B\u00e4ume, um Ihre Hochzeit einzigartig zu machen\" \/><h3>Adoptieren Sie einen oder mehrere B\u00e4ume, um Ihre Hochzeit einzigartig zu machen<\/h3><p>Die Adoption eines Olivenbaums zur Herstellung von \u00d6l f\u00fcr Ihre Hochzeitsgeschenke ist eine einzigartige M\u00f6glichkeit, Ihren Tag noch unvergesslicher zu...<\/p><\/a><\/div><div class=\"offerta\"><a href=\"https:\/\/familyhotel.it\/de\/offerte\/adotta-un-albero-di-olivo-per-la-tua-famiglia\/\"><img loading=\"lazy\" decoding=\"async\" width=\"300\" height=\"200\" src=\"https:\/\/familyhotel.it\/wp-content\/uploads\/2025\/03\/cover-articolo-frutti2-300x200.jpg\" class=\"offerta-img\" alt=\"Adoptieren Sie einen Olivenbaum f\u00fcr Ihre Familie\" \/><h3>Adoptieren Sie einen Olivenbaum f\u00fcr Ihre Familie<\/h3><p>Bei einer Urlaubsbuchung innerhalb von drei Tagen haben Sie die M\u00f6glichkeit, eine Olivenbaumpatenschaft zu \u00fcbernehmen und so mit unserer Hilfe...<\/p><\/a><\/div><div class=\"offerta\"><a href=\"https:\/\/familyhotel.it\/de\/offerte\/le-vacanze-ribelli-senza-vincoli-e-ora\/\"><img loading=\"lazy\" decoding=\"async\" width=\"267\" height=\"200\" src=\"https:\/\/familyhotel.it\/wp-content\/uploads\/2025\/03\/pezzo-di-costa-del-monte.jpg\" class=\"offerta-img\" alt=\"Rebel Holidays ohne Einschr\u00e4nkungen und jetzt\" srcset=\"https:\/\/familyhotel.it\/wp-content\/uploads\/2025\/03\/pezzo-di-costa-del-monte.jpg 800w, https:\/\/familyhotel.it\/wp-content\/uploads\/2025\/03\/pezzo-di-costa-del-monte-300x225.jpg 300w, https:\/\/familyhotel.it\/wp-content\/uploads\/2025\/03\/pezzo-di-costa-del-monte-768x576.jpg 768w\" sizes=\"(max-width: 267px) 100vw, 267px\" \/><h3>Rebel Holidays ohne Einschr\u00e4nkungen und jetzt<\/h3><p>Ein Wochenende in einer Pension erm\u00f6glicht Ihnen Entspannung und Komfort, w\u00e4hrend die Nutzung des f\u00fchrerscheinfreien Mietboots, das im Hafen von...<\/p><\/a><\/div><div class=\"offerta\"><a href=\"https:\/\/familyhotel.it\/de\/offerte\/offerte-di-giugno\/\"><img loading=\"lazy\" decoding=\"async\" width=\"283\" height=\"200\" src=\"https:\/\/familyhotel.it\/wp-content\/uploads\/2025\/03\/generico-2018-667704.610x431.jpg\" class=\"offerta-img\" alt=\"Urlaub im Hotel Aurora in Misano Adriatico mit Vollpension und typischem Aperitif\" srcset=\"https:\/\/familyhotel.it\/wp-content\/uploads\/2025\/03\/generico-2018-667704.610x431.jpg 610w, https:\/\/familyhotel.it\/wp-content\/uploads\/2025\/03\/generico-2018-667704.610x431-300x212.jpg 300w\" sizes=\"(max-width: 283px) 100vw, 283px\" \/><h3>Urlaub im Hotel Aurora in Misano Adriatico mit Vollpension und typischem Aperitif<\/h3><p>Misano Adriatico ist ein ideales Reiseziel f\u00fcr einen Urlaub im Zeichen der Entspannung und des guten Essens. Sie k\u00f6nnen frische...<\/p><\/a><\/div><div class=\"offerta\"><a href=\"https:\/\/familyhotel.it\/de\/offerte\/combinazione-di-mare-e-entroterra\/\"><img loading=\"lazy\" decoding=\"async\" width=\"300\" height=\"154\" src=\"https:\/\/familyhotel.it\/wp-content\/uploads\/2025\/03\/Immagine-2025-03-18-173830.png\" class=\"offerta-img\" alt=\"Kombination aus Meer und Hinterland!\" srcset=\"https:\/\/familyhotel.it\/wp-content\/uploads\/2025\/03\/Immagine-2025-03-18-173830.png 2163w, https:\/\/familyhotel.it\/wp-content\/uploads\/2025\/03\/Immagine-2025-03-18-173830-300x154.png 300w, https:\/\/familyhotel.it\/wp-content\/uploads\/2025\/03\/Immagine-2025-03-18-173830-1024x524.png 1024w, https:\/\/familyhotel.it\/wp-content\/uploads\/2025\/03\/Immagine-2025-03-18-173830-768x393.png 768w, https:\/\/familyhotel.it\/wp-content\/uploads\/2025\/03\/Immagine-2025-03-18-173830-1536x786.png 1536w, https:\/\/familyhotel.it\/wp-content\/uploads\/2025\/03\/Immagine-2025-03-18-173830-2048x1048.png 2048w\" sizes=\"(max-width: 300px) 100vw, 300px\" \/><h3>Kombination aus Meer und Hinterland!<\/h3><p>Eine Mischung aus Meer und Land, so viel Lust, die Entspannung zwischen den Wellen des Meeres und die Ruhe unseres...<\/p><\/a><\/div><div class=\"offerta\"><a href=\"https:\/\/familyhotel.it\/de\/offerte\/unesperienza-indimenticabile-giornata-di-relax-a-misano-adriatico-con-avventura-nellentroterra-romagnolo\/\"><img loading=\"lazy\" decoding=\"async\" width=\"267\" height=\"200\" src=\"https:\/\/familyhotel.it\/wp-content\/uploads\/2025\/03\/Misano_Adriatico-RN-darsena_misano-ph.Enrico_Siboni-cc_by_sa_30.jpg\" class=\"offerta-img\" alt=\"Entspannender Tag in Misano Adriatico mit Abenteuer im Hinterland der Romagna\u201c \" srcset=\"https:\/\/familyhotel.it\/wp-content\/uploads\/2025\/03\/Misano_Adriatico-RN-darsena_misano-ph.Enrico_Siboni-cc_by_sa_30.jpg 1200w, https:\/\/familyhotel.it\/wp-content\/uploads\/2025\/03\/Misano_Adriatico-RN-darsena_misano-ph.Enrico_Siboni-cc_by_sa_30-300x225.jpg 300w, https:\/\/familyhotel.it\/wp-content\/uploads\/2025\/03\/Misano_Adriatico-RN-darsena_misano-ph.Enrico_Siboni-cc_by_sa_30-1024x768.jpg 1024w, https:\/\/familyhotel.it\/wp-content\/uploads\/2025\/03\/Misano_Adriatico-RN-darsena_misano-ph.Enrico_Siboni-cc_by_sa_30-768x576.jpg 768w\" sizes=\"(max-width: 267px) 100vw, 267px\" \/><h3>Entspannender Tag in Misano Adriatico mit Abenteuer im Hinterland der Romagna\u201c <\/h3><p>Am Meer von Misano Adriatico, perfekt f\u00fcr Familien, Paare und Freunde. Genie\u00dfen Sie einen Tag voller Entspannung, Abenteuer und gutem...<\/p><\/a><\/div><\/div>\n","protected":false},"excerpt":{"rendered":"","protected":false},"author":1,"featured_media":0,"parent":0,"menu_order":0,"comment_status":"closed","ping_status":"closed","template":"","meta":{"_acf_changed":false,"pgc_sgb_lightbox_settings":"","footnotes":""},"class_list":["post-1304","page","type-page","status-publish","hentry"],"blocksy_meta":[],"acf":[],"yoast_head":"<!-- This site is optimized with the Yoast SEO plugin v24.6 - https:\/\/yoast.com\/wordpress\/plugins\/seo\/ -->\n<title>Angebote - Hotel aurora<\/title>\n<meta name=\"robots\" content=\"index, follow, max-snippet:-1, max-image-preview:large, max-video-preview:-1\" \/>\n<link rel=\"canonical\" href=\"https:\/\/familyhotel.it\/de\/angebote\/\" \/>\n<meta property=\"og:locale\" content=\"de_DE\" \/>\n<meta property=\"og:type\" content=\"article\" \/>\n<meta property=\"og:title\" content=\"Angebote - Hotel aurora\" \/>\n<meta property=\"og:url\" content=\"https:\/\/familyhotel.it\/de\/angebote\/\" \/>\n<meta property=\"og:site_name\" content=\"Hotel aurora\" \/>\n<meta property=\"article:modified_time\" content=\"2025-03-06T10:41:47+00:00\" \/>\n<meta name=\"twitter:card\" content=\"summary_large_image\" \/>\n<!-- \/ Yoast SEO plugin. -->","yoast_head_json":{"title":"Angebote - Hotel aurora","robots":{"index":"index","follow":"follow","max-snippet":"max-snippet:-1","max-image-preview":"max-image-preview:large","max-video-preview":"max-video-preview:-1"},"canonical":"https:\/\/familyhotel.it\/de\/angebote\/","og_locale":"de_DE","og_type":"article","og_title":"Angebote - Hotel aurora","og_url":"https:\/\/familyhotel.it\/de\/angebote\/","og_site_name":"Hotel aurora","article_modified_time":"2025-03-06T10:41:47+00:00","twitter_card":"summary_large_image","schema":{"@context":"https:\/\/schema.org","@graph":[{"@type":"WebPage","@id":"https:\/\/familyhotel.it\/de\/angebote\/","url":"https:\/\/familyhotel.it\/de\/angebote\/","name":"Angebote - Hotel aurora","isPartOf":{"@id":"https:\/\/familyhotel.it\/#website"},"datePublished":"2025-03-06T09:37:29+00:00","dateModified":"2025-03-06T10:41:47+00:00","breadcrumb":{"@id":"https:\/\/familyhotel.it\/de\/angebote\/#breadcrumb"},"inLanguage":"de","potentialAction":[{"@type":"ReadAction","target":["https:\/\/familyhotel.it\/de\/angebote\/"]}]},{"@type":"BreadcrumbList","@id":"https:\/\/familyhotel.it\/de\/angebote\/#breadcrumb","itemListElement":[{"@type":"ListItem","position":1,"name":"Home","item":"https:\/\/familyhotel.it\/de\/"},{"@type":"ListItem","position":2,"name":"Angebote"}]},{"@type":"WebSite","@id":"https:\/\/familyhotel.it\/#website","url":"https:\/\/familyhotel.it\/","name":"Hotel aurora","description":"","publisher":{"@id":"https:\/\/familyhotel.it\/#organization"},"potentialAction":[{"@type":"SearchAction","target":{"@type":"EntryPoint","urlTemplate":"https:\/\/familyhotel.it\/?s={search_term_string}"},"query-input":{"@type":"PropertyValueSpecification","valueRequired":true,"valueName":"search_term_string"}}],"inLanguage":"de"},{"@type":"Organization","@id":"https:\/\/familyhotel.it\/#organization","name":"Hotel aurora","url":"https:\/\/familyhotel.it\/","logo":{"@type":"ImageObject","inLanguage":"de","@id":"https:\/\/familyhotel.it\/#\/schema\/logo\/image\/","url":"https:\/\/familyhotel.it\/wp-content\/uploads\/2025\/02\/logo-aurora_def1.png","contentUrl":"https:\/\/familyhotel.it\/wp-content\/uploads\/2025\/02\/logo-aurora_def1.png","width":199,"height":99,"caption":"Hotel aurora"},"image":{"@id":"https:\/\/familyhotel.it\/#\/schema\/logo\/image\/"}}]}},"_links":{"self":[{"href":"https:\/\/familyhotel.it\/de\/wp-json\/wp\/v2\/pages\/1304","targetHints":{"allow":["GET"]}}],"collection":[{"href":"https:\/\/familyhotel.it\/de\/wp-json\/wp\/v2\/pages"}],"about":[{"href":"https:\/\/familyhotel.it\/de\/wp-json\/wp\/v2\/types\/page"}],"author":[{"embeddable":true,"href":"https:\/\/familyhotel.it\/de\/wp-json\/wp\/v2\/users\/1"}],"replies":[{"embeddable":true,"href":"https:\/\/familyhotel.it\/de\/wp-json\/wp\/v2\/comments?post=1304"}],"version-history":[{"count":1,"href":"https:\/\/familyhotel.it\/de\/wp-json\/wp\/v2\/pages\/1304\/revisions"}],"predecessor-version":[{"id":1305,"href":"https:\/\/familyhotel.it\/de\/wp-json\/wp\/v2\/pages\/1304\/revisions\/1305"}],"wp:attachment":[{"href":"https:\/\/familyhotel.it\/de\/wp-json\/wp\/v2\/media?parent=1304"}],"curies":[{"name":"wp","href":"https:\/\/api.w.org\/{rel}","templated":true}]}}